{"id":29,"date":"2022-08-01T12:22:54","date_gmt":"2022-08-01T12:22:54","guid":{"rendered":"http:\/\/www.rigretas.fi\/?page_id=29"},"modified":"2026-01-21T10:55:06","modified_gmt":"2026-01-21T10:55:06","slug":"tuotemyynti","status":"publish","type":"page","link":"https:\/\/www.rigretas.fi\/?page_id=29","title":{"rendered":"Tuotemyynti"},"content":{"rendered":"<p>[et_pb_section fb_built=&#8221;1&#8243; admin_label=&#8221;Work&#8221; _builder_version=&#8221;4.17.6&#8243; background_color=&#8221;#FFFFFF&#8221; background_enable_image=&#8221;off&#8221; background_size=&#8221;initial&#8221; background_repeat=&#8221;repeat&#8221; min_height=&#8221;458.5px&#8221; custom_margin=&#8221;-52px|||||&#8221; custom_padding=&#8221;||0px|||&#8221; global_colors_info=&#8221;{}&#8221;][et_pb_row _builder_version=&#8221;4.17.6&#8243; _module_preset=&#8221;default&#8221; hover_enabled=&#8221;0&#8243; global_colors_info=&#8221;{}&#8221; sticky_enabled=&#8221;0&#8243;][et_pb_column type=&#8221;4_4&#8243; _builder_version=&#8221;4.17.6&#8243; _module_preset=&#8221;default&#8221; global_colors_info=&#8221;{}&#8221;][et_pb_text _builder_version=&#8221;4.17.6&#8243; _module_preset=&#8221;default&#8221; global_colors_info=&#8221;{}&#8221;]<\/p>\n<h2>Tuotemyynti<\/h2>\n<p>[\/et_pb_text][et_pb_text _builder_version=&#8221;4.27.4&#8243; _module_preset=&#8221;default&#8221; hover_enabled=&#8221;0&#8243; global_colors_info=&#8221;{}&#8221; sticky_enabled=&#8221;0&#8243;]<\/p>\n<p><strong>Kauttani voi ostaa lihatuotteita, Effektri-\u00f6ljy\u00e4 ja turkinhoitotuotteita ja -v\u00e4lineit\u00e4. Valikoima laajenee kokoajan, kannattaa kysy\u00e4 rohkeasti, jos olet jotain vailla! Tilaukset s\u00e4hk\u00f6postilla <a href=\"mailto:rigretas@gmail.com\">rigretas@gmail.com<\/a>.<\/strong><\/p>\n<p><strong> <\/strong><\/p>\n<p><strong>Teen lihatilaukset keskitetysti eli en tee yksitt\u00e4isi\u00e4 pientilauksia vaan tilaan isomman m\u00e4\u00e4r\u00e4n kerrallaan. Ilmoittelen aina <a href=\"https:\/\/www.facebook.com\/rigretaskoirapalvelut\">Facebook-sivullani<\/a> kun tilauksen aika koittaa, joten kannattaa seurata ryhm\u00e4\u00e4 tai olla yhteydess\u00e4 s\u00e4hk\u00f6postitse ja kysy\u00e4 seuraavan tilauksen ajankohtaa.<\/strong><\/p>\n<p><strong>RUOKINTATUOTTEET<\/strong><br \/>Kotimaista laadukasta lihaa koirille ja kissoille. Ruokatuotteet tilaan <strong>Paijan tilateurastamolta<\/strong> Urjalasta (<span>Paijan <\/span><span><a tabindex=\"-1\"><\/a><\/span><span>lemmikkiel\u00e4inten rehuntuotantolaitoksen tunnus on FIP003-576\/2010)<\/span>, <strong>Tessulta<\/strong> ja <strong>Effe Balancelta<\/strong>.<\/p>\n<p>Paijan tilateurastamon hevosen jauheliha:<br \/>55\u20ac \/ 10kg<br \/>35\u20ac \/ 5kg<\/p>\n<p>Paijan tilateurastamon possun jauheliha:<br \/>45\u20ac \/ 10kg<br \/>30\u20ac \/ 5kg<\/p>\n<p>Hinnat sis\u00e4lt\u00e4v\u00e4t alv 13,5%.<\/p>\n<p><strong>Tessun hinnat ja valikoiman l\u00f6yd\u00e4t <a href=\"https:\/\/www.tessu.fi\/\">Tessun<\/a> sivuilta.<\/strong><\/p>\n<p><strong>Kauttani voit tilata my\u00f6s <a href=\"https:\/\/www.effebalance.fi\/\">Effe Balance<\/a> -tuotteita. Effektri-\u00f6ljy\u00e4 l\u00f6ytyy minulta yleens\u00e4 my\u00f6s hyllyst\u00e4.<\/strong><\/p>\n<p><strong> <\/strong><\/p>\n<p><strong>Maksutavat<br \/><\/strong><span style=\"font-size: 14px;\">&#8211; Pankki- ja luottokortit<br \/><\/span><span style=\"font-size: 14px;\">&#8211; Mobilepay 050-5587389<br \/><\/span><span style=\"font-size: 14px;\">&#8211; K\u00e4teinen, varaa tasaraha!<\/span><strong style=\"font-size: 14px;\">\u00a0<\/strong><\/p>\n<p>&nbsp;<\/p>\n<p>[\/et_pb_text][\/et_pb_column][\/et_pb_row][et_pb_row column_structure=&#8221;1_3,1_3,1_3&#8243; _builder_version=&#8221;4.17.6&#8243; _module_preset=&#8221;default&#8221; global_colors_info=&#8221;{}&#8221;][et_pb_column type=&#8221;1_3&#8243; _builder_version=&#8221;4.17.6&#8243; _module_preset=&#8221;default&#8221; global_colors_info=&#8221;{}&#8221;][et_pb_image src=&#8221;http:\/\/www.rigretas.fi\/wp-content\/uploads\/2022\/10\/ol8mAUP-150&#215;150.jpg&#8221; title_text=&#8221;ol8mAUP&#8221; align=&#8221;center&#8221; _builder_version=&#8221;4.17.6&#8243; _module_preset=&#8221;default&#8221; global_colors_info=&#8221;{}&#8221;][\/et_pb_image][\/et_pb_column][et_pb_column type=&#8221;1_3&#8243; _builder_version=&#8221;4.17.6&#8243; _module_preset=&#8221;default&#8221; global_colors_info=&#8221;{}&#8221;][et_pb_image src=&#8221;http:\/\/www.rigretas.fi\/wp-content\/uploads\/2022\/10\/download-1-150&#215;150.png&#8221; title_text=&#8221;download (1)&#8221; align=&#8221;center&#8221; _builder_version=&#8221;4.17.6&#8243; _module_preset=&#8221;default&#8221; global_colors_info=&#8221;{}&#8221;][\/et_pb_image][\/et_pb_column][et_pb_column type=&#8221;1_3&#8243; _builder_version=&#8221;4.17.6&#8243; _module_preset=&#8221;default&#8221; global_colors_info=&#8221;{}&#8221;][et_pb_image src=&#8221;http:\/\/www.rigretas.fi\/wp-content\/uploads\/2022\/12\/effe_web-768&#215;370-2.png&#8221; title_text=&#8221;effe_web-768&#215;370 (2)&#8221; align=&#8221;center&#8221; _builder_version=&#8221;4.17.6&#8243; _module_preset=&#8221;default&#8221; max_width=&#8221;71%&#8221; global_colors_info=&#8221;{}&#8221;][\/et_pb_image][\/et_pb_column][\/et_pb_row][et_pb_row _builder_version=&#8221;4.17.6&#8243; _module_preset=&#8221;default&#8221; global_colors_info=&#8221;{}&#8221;][et_pb_column type=&#8221;4_4&#8243; _builder_version=&#8221;4.17.6&#8243; _module_preset=&#8221;default&#8221; global_colors_info=&#8221;{}&#8221;][et_pb_text _builder_version=&#8221;4.17.6&#8243; _module_preset=&#8221;default&#8221; global_colors_info=&#8221;{}&#8221;]<\/p>\n<p><strong>TURKINHOITOTUOTTEET JA -V\u00c4LINEET<\/strong><br \/>Myyn cockerspanielin turkille sopivia tuotteita ja v\u00e4lineit\u00e4. T\u00e4ll\u00e4 hetkell\u00e4 tuotemyynniss\u00e4 <strong>Bio-Groomin<\/strong> ja <strong>Tauro Pro Linen<\/strong> tuotteita &#8211; shampoot, hoitoaineet, hoitosuihkeet ym. My\u00f6s karstat, pohjavillaharat, kammat, nyppimiskumit ym. Kysy lis\u00e4\u00e4 s\u00e4hk\u00f6postilla tai trimmin yhteydess\u00e4!<\/p>\n<p>[\/et_pb_text][\/et_pb_column][\/et_pb_row][et_pb_row column_structure=&#8221;1_2,1_2&#8243; _builder_version=&#8221;4.17.6&#8243; _module_preset=&#8221;default&#8221; global_colors_info=&#8221;{}&#8221;][et_pb_column type=&#8221;1_2&#8243; _builder_version=&#8221;4.17.6&#8243; _module_preset=&#8221;default&#8221; global_colors_info=&#8221;{}&#8221;][et_pb_image src=&#8221;http:\/\/www.rigretas.fi\/wp-content\/uploads\/2022\/10\/28-e1666855848240.webp&#8221; title_text=&#8221;28&#8243; align=&#8221;center&#8221; _builder_version=&#8221;4.27.4&#8243; _module_preset=&#8221;default&#8221; custom_margin=&#8221;|||109px||&#8221; custom_padding=&#8221;|118px||||&#8221; global_colors_info=&#8221;{}&#8221;][\/et_pb_image][\/et_pb_column][et_pb_column type=&#8221;1_2&#8243; _builder_version=&#8221;4.17.6&#8243; _module_preset=&#8221;default&#8221; global_colors_info=&#8221;{}&#8221;][et_pb_image src=&#8221;http:\/\/www.rigretas.fi\/wp-content\/uploads\/2025\/08\/tauroproline.jpg&#8221; title_text=&#8221;tauroproline&#8221; align=&#8221;center&#8221; _builder_version=&#8221;4.27.4&#8243; _module_preset=&#8221;default&#8221; global_colors_info=&#8221;{}&#8221;][\/et_pb_image][\/et_pb_column][\/et_pb_row][\/et_pb_section][et_pb_section fb_built=&#8221;1&#8243; admin_label=&#8221;Footer&#8221; _builder_version=&#8221;4.16&#8243; background_size=&#8221;initial&#8221; background_repeat=&#8221;repeat-y&#8221; custom_padding=&#8221;0px|||||&#8221; saved_tabs=&#8221;all&#8221; locked=&#8221;off&#8221; global_colors_info=&#8221;{}&#8221;][et_pb_row column_structure=&#8221;1_4,1_4,1_4,1_4&#8243; use_custom_gutter=&#8221;on&#8221; gutter_width=&#8221;2&#8243; _builder_version=&#8221;4.16&#8243; border_width_top=&#8221;2px&#8221; global_colors_info=&#8221;{}&#8221;][et_pb_column type=&#8221;1_4&#8243; _builder_version=&#8221;4.16&#8243; custom_padding=&#8221;|||&#8221; global_colors_info=&#8221;{}&#8221; custom_padding__hover=&#8221;|||&#8221;][et_pb_text _builder_version=&#8221;4.17.6&#8243; text_font=&#8221;||||||||&#8221; text_font_size=&#8221;12px&#8221; text_line_height=&#8221;2em&#8221; link_font=&#8221;||||on||||&#8221; link_text_color=&#8221;#666666&#8243; header_font=&#8221;||||||||&#8221; header_text_align=&#8221;left&#8221; header_3_font=&#8221;|700||on|||||&#8221; header_3_font_size=&#8221;12px&#8221; header_3_letter_spacing=&#8221;5px&#8221; header_3_line_height=&#8221;1.8em&#8221; max_width_tablet=&#8221;70%&#8221; max_width_last_edited=&#8221;off|phone&#8221; header_3_font_size_tablet=&#8221;&#8221; header_3_font_size_phone=&#8221;&#8221; header_3_font_size_last_edited=&#8221;on|desktop&#8221; locked=&#8221;off&#8221; global_colors_info=&#8221;{}&#8221;]<\/p>\n<h2><span style=\"color: #006666;\">YHTEYSTIEDOT<\/span><\/h2>\n<p>Riikka Ahtila<br \/>\n<span>puh. 0505587389<\/span><br \/>\n<a href=\"mailto:rigretas@gmail.com\">rigretas@gmail.com<\/a><br \/>\nV\u00e4hikk\u00e4l\u00e4ntie 663, V\u00e4hikk\u00e4l\u00e4 (Janakkala)<br \/>\nY-tunnus:\u00a02927495-3[\/et_pb_text][\/et_pb_column][et_pb_column type=&#8221;1_4&#8243; _builder_version=&#8221;4.16&#8243; custom_padding=&#8221;|||&#8221; global_colors_info=&#8221;{}&#8221; custom_padding__hover=&#8221;|||&#8221;][\/et_pb_column][et_pb_column type=&#8221;1_4&#8243; _builder_version=&#8221;4.16&#8243; custom_padding=&#8221;|||&#8221; global_colors_info=&#8221;{}&#8221; custom_padding__hover=&#8221;|||&#8221;][et_pb_text _builder_version=&#8221;4.17.6&#8243; text_font=&#8221;||||||||&#8221; text_font_size=&#8221;12px&#8221; text_line_height=&#8221;2em&#8221; link_font=&#8221;||||on||||&#8221; link_text_color=&#8221;#666666&#8243; header_font=&#8221;||||||||&#8221; header_text_align=&#8221;left&#8221; header_2_font=&#8221;||||||||&#8221; header_3_font=&#8221;|700||on|||||&#8221; header_3_font_size=&#8221;12px&#8221; header_3_letter_spacing=&#8221;5px&#8221; header_3_line_height=&#8221;1.8em&#8221; max_width_tablet=&#8221;70%&#8221; max_width_last_edited=&#8221;off|phone&#8221; header_3_font_size_tablet=&#8221;&#8221; header_3_font_size_phone=&#8221;&#8221; header_3_font_size_last_edited=&#8221;on|desktop&#8221; locked=&#8221;off&#8221; global_colors_info=&#8221;{}&#8221;]<\/p>\n<h2><span style=\"color: #006666;\">SEURAA MEIT\u00c4<\/span><\/h2>\n<p>[\/et_pb_text][et_pb_social_media_follow _builder_version=&#8221;4.17.6&#8243; _module_preset=&#8221;default&#8221; global_colors_info=&#8221;{}&#8221;][et_pb_social_media_follow_network social_network=&#8221;facebook&#8221; url=&#8221;https:\/\/www.facebook.com\/rigretaskoirapalvelut&#8221; _builder_version=&#8221;4.17.6&#8243; _module_preset=&#8221;default&#8221; background_color=&#8221;#3b5998&#8243; global_colors_info=&#8221;{}&#8221; follow_button=&#8221;off&#8221; url_new_window=&#8221;on&#8221;]facebook[\/et_pb_social_media_follow_network][et_pb_social_media_follow_network social_network=&#8221;instagram&#8221; url=&#8221;https:\/\/www.instagram.com\/rigretas\/&#8221; _builder_version=&#8221;4.17.6&#8243; _module_preset=&#8221;default&#8221; background_color=&#8221;#ea2c59&#8243; global_colors_info=&#8221;{}&#8221; follow_button=&#8221;off&#8221; url_new_window=&#8221;on&#8221;]instagram[\/et_pb_social_media_follow_network][\/et_pb_social_media_follow][\/et_pb_column][et_pb_column type=&#8221;1_4&#8243; _builder_version=&#8221;4.16&#8243; custom_padding=&#8221;|||&#8221; global_colors_info=&#8221;{}&#8221; custom_padding__hover=&#8221;|||&#8221;][\/et_pb_column][\/et_pb_row][\/et_pb_section]<\/p>\n","protected":false},"excerpt":{"rendered":"<p>TuotemyyntiKauttani voi ostaa lihatuotteita, Effektri-\u00f6ljy\u00e4 ja turkinhoitotuotteita ja -v\u00e4lineit\u00e4. Valikoima laajenee kokoajan, kannattaa kysy\u00e4 rohkeasti, jos olet jotain vailla! Tilaukset s\u00e4hk\u00f6postilla rigretas@gmail.com. Teen lihatilaukset keskitetysti eli en tee yksitt\u00e4isi\u00e4 pientilauksia vaan tilaan isomman m\u00e4\u00e4r\u00e4n kerrallaan. Ilmoittelen aina Facebook-sivullani kun tilauksen aika koittaa, joten kannattaa seurata ryhm\u00e4\u00e4 tai olla yhteydess\u00e4 s\u00e4hk\u00f6postitse ja kysy\u00e4 seuraavan tilauksen ajankohtaa. [&hellip;]<\/p>\n","protected":false},"author":1,"featured_media":0,"parent":0,"menu_order":0,"comment_status":"closed","ping_status":"closed","template":"","meta":{"_et_pb_use_builder":"on","_et_pb_old_content":"","_et_gb_content_width":"","footnotes":""},"class_list":["post-29","page","type-page","status-publish","hentry"],"_links":{"self":[{"href":"https:\/\/www.rigretas.fi\/index.php?rest_route=\/wp\/v2\/pages\/29","targetHints":{"allow":["GET"]}}],"collection":[{"href":"https:\/\/www.rigretas.fi\/index.php?rest_route=\/wp\/v2\/pages"}],"about":[{"href":"https:\/\/www.rigretas.fi\/index.php?rest_route=\/wp\/v2\/types\/page"}],"author":[{"embeddable":true,"href":"https:\/\/www.rigretas.fi\/index.php?rest_route=\/wp\/v2\/users\/1"}],"replies":[{"embeddable":true,"href":"https:\/\/www.rigretas.fi\/index.php?rest_route=%2Fwp%2Fv2%2Fcomments&post=29"}],"version-history":[{"count":10,"href":"https:\/\/www.rigretas.fi\/index.php?rest_route=\/wp\/v2\/pages\/29\/revisions"}],"predecessor-version":[{"id":730,"href":"https:\/\/www.rigretas.fi\/index.php?rest_route=\/wp\/v2\/pages\/29\/revisions\/730"}],"wp:attachment":[{"href":"https:\/\/www.rigretas.fi\/index.php?rest_route=%2Fwp%2Fv2%2Fmedia&parent=29"}],"curies":[{"name":"wp","href":"https:\/\/api.w.org\/{rel}","templated":true}]}}