{"id":27,"date":"2022-08-01T12:20:54","date_gmt":"2022-08-01T12:20:54","guid":{"rendered":"http:\/\/www.rigretas.fi\/?page_id=27"},"modified":"2022-12-06T14:51:01","modified_gmt":"2022-12-06T14:51:01","slug":"yhteistyossa","status":"publish","type":"page","link":"https:\/\/www.rigretas.fi\/?page_id=27","title":{"rendered":"Yhteisty\u00f6ss\u00e4"},"content":{"rendered":"<p>[et_pb_section fb_built=&#8221;1&#8243; admin_label=&#8221;Work&#8221; _builder_version=&#8221;4.17.6&#8243; background_color=&#8221;#FFFFFF&#8221; background_enable_image=&#8221;off&#8221; background_size=&#8221;initial&#8221; background_repeat=&#8221;repeat&#8221; min_height=&#8221;458.5px&#8221; custom_margin=&#8221;-52px|||||&#8221; custom_padding=&#8221;||0px|||&#8221; global_colors_info=&#8221;{}&#8221;][et_pb_row _builder_version=&#8221;4.17.6&#8243; _module_preset=&#8221;default&#8221; global_colors_info=&#8221;{}&#8221;][et_pb_column type=&#8221;4_4&#8243; _builder_version=&#8221;4.17.6&#8243; _module_preset=&#8221;default&#8221; global_colors_info=&#8221;{}&#8221;][et_pb_text _builder_version=&#8221;4.17.6&#8243; _module_preset=&#8221;default&#8221; global_colors_info=&#8221;{}&#8221;]<\/p>\n<h2 style=\"text-align: left;\">Yhteisty\u00f6ss\u00e4<\/h2>\n<p>[\/et_pb_text][et_pb_text _builder_version=&#8221;4.17.6&#8243; _module_preset=&#8221;default&#8221; hover_enabled=&#8221;0&#8243; global_colors_info=&#8221;{}&#8221; sticky_enabled=&#8221;0&#8243;]<\/p>\n<p><span>Ajattelemme, ett\u00e4 jokainen ihminen tarvitsee tukea, neuvoja sek\u00e4 ilojen ja surujen jakajaa jaksaakseen ja oppiakseen. Meill\u00e4 on ollut onni tutustua matkallamme useisiin hienoihin ihmisiin ja saada n\u00e4ist\u00e4 muutamia t\u00e4rkeit\u00e4 yhteisty\u00f6tahoja ja yst\u00e4vi\u00e4 osaksi el\u00e4m\u00e4\u00e4mme ja kasvatustoimintaamme.<\/span><\/p>\n<p>[\/et_pb_text][\/et_pb_column][\/et_pb_row][et_pb_row column_structure=&#8221;1_2,1_2&#8243; _builder_version=&#8221;4.17.6&#8243; _module_preset=&#8221;default&#8221; global_colors_info=&#8221;{}&#8221;][et_pb_column type=&#8221;1_2&#8243; _builder_version=&#8221;4.17.6&#8243; _module_preset=&#8221;default&#8221; global_colors_info=&#8221;{}&#8221;][et_pb_image src=&#8221;http:\/\/www.rigretas.fi\/wp-content\/uploads\/2022\/09\/Cf4mNQe.jpg&#8221; title_text=&#8221;Cf4mNQe&#8221; align=&#8221;right&#8221; _builder_version=&#8221;4.17.6&#8243; _module_preset=&#8221;default&#8221; global_colors_info=&#8221;{}&#8221;][\/et_pb_image][\/et_pb_column][et_pb_column type=&#8221;1_2&#8243; _builder_version=&#8221;4.17.6&#8243; _module_preset=&#8221;default&#8221; global_colors_info=&#8221;{}&#8221;][et_pb_text _builder_version=&#8221;4.17.6&#8243; _module_preset=&#8221;default&#8221; global_colors_info=&#8221;{}&#8221;]<\/p>\n<h4><b>Satu Kamunen,<span>\u00a0<\/span>kennel Debbie&#8217;s<br \/><\/b><\/h4>\n<p><span><\/span><\/p>\n<p>[\/et_pb_text][et_pb_text _builder_version=&#8221;4.17.6&#8243; _module_preset=&#8221;default&#8221; global_colors_info=&#8221;{}&#8221;]<\/p>\n<p><span>Sadun kanssa tapasimme Spanielien MEJ\u00c4-mestaruuskokeessa 2012 ja paremmin tutustuimme MEJ\u00c4 SM 2013 Surkeella. Satu ja Miska olivat Jenlin Philadelphia &#8221;Debbie&#8221; kanssa kokeessa ja me T\u00e4htimets\u00e4 Greta &#8221;Wilma&#8221; kanssa. Siit\u00e4 alkoi yst\u00e4vyys, jonka johdosta haettiin 2014 Debbie&#8217;s Laphroaig Triplewood &#8221;Betty&#8221; Kemist\u00e4 H\u00e4meeseen. Ja sain koiran josta tuli Rigreta&#8217;s-kennelin kantanarttu, mutta my\u00f6s yst\u00e4v\u00e4n ja kasvattajan, joka kulkee koiriensa rinnalla koko n\u00e4iden elini\u00e4n. Vuonna 2016 Kemist\u00e4 muutti meille my\u00f6s Debbie&#8217;s Glenmorangie Signet &#8221;Siru&#8221;.<\/span><\/p>\n<p>&gt;&gt; <a href=\"https:\/\/debbies.kotisivukone.com\/\" target=\"_blank\" rel=\"noopener\">Kennel Debbie&#8217;s<\/a><\/p>\n<p>[\/et_pb_text][\/et_pb_column][\/et_pb_row][et_pb_row column_structure=&#8221;1_2,1_2&#8243; _builder_version=&#8221;4.17.6&#8243; _module_preset=&#8221;default&#8221; global_colors_info=&#8221;{}&#8221;][et_pb_column type=&#8221;1_2&#8243; _builder_version=&#8221;4.17.6&#8243; _module_preset=&#8221;default&#8221; global_colors_info=&#8221;{}&#8221;][et_pb_image src=&#8221;http:\/\/www.rigretas.fi\/wp-content\/uploads\/2022\/09\/NsMa09v.jpg&#8221; title_text=&#8221;NsMa09v&#8221; align=&#8221;right&#8221; _builder_version=&#8221;4.17.6&#8243; _module_preset=&#8221;default&#8221; global_colors_info=&#8221;{}&#8221;][\/et_pb_image][\/et_pb_column][et_pb_column type=&#8221;1_2&#8243; _builder_version=&#8221;4.17.6&#8243; _module_preset=&#8221;default&#8221; global_colors_info=&#8221;{}&#8221;][et_pb_text _builder_version=&#8221;4.17.6&#8243; _module_preset=&#8221;default&#8221; global_colors_info=&#8221;{}&#8221;]<\/p>\n<h4><b>Pilvi Ranta, kennel Peredhils<\/b><\/h4>\n<p>[\/et_pb_text][et_pb_text _builder_version=&#8221;4.17.6&#8243; _module_preset=&#8221;default&#8221; global_colors_info=&#8221;{}&#8221;]<\/p>\n<p><span>Pilvin kanssa tapasimme trimmauskurssini vet\u00e4j\u00e4n kautta, ensin pikaisesti n\u00e4yttelyss\u00e4 ja sitten astutushommissa kun Pilvin Asvina Fine Sin &#8221;Sani&#8221; astutettiin Pertin T\u00e4htimets\u00e4 Charlie &#8221;Tahvolla&#8221;. T\u00e4st\u00e4 yhdistelm\u00e4st\u00e4 saatiin nelj\u00e4 hienoa urosta, joiden matkaa olemme saaneet seurata. Pilvin kanssa ollaan reissattu n\u00e4yttelyit\u00e4 ja treffailtu erilaisissa koiraharrasteissa. Viimeisin yhteinen iso asia on Pilvin luona asuva sijoitusnarttuni Rigreta&#8217;s Pretty Radiant Redrose &#8221;Reea&#8221;. T\u00e4m\u00e4n parin matka on ollut jo t\u00e4h\u00e4n menness\u00e4 huikea ja min\u00e4 en voi olla kuin kiitollinen.<\/span><\/p>\n<p>[\/et_pb_text][\/et_pb_column][\/et_pb_row][et_pb_row column_structure=&#8221;1_2,1_2&#8243; _builder_version=&#8221;4.17.6&#8243; _module_preset=&#8221;default&#8221; global_colors_info=&#8221;{}&#8221;][et_pb_column type=&#8221;1_2&#8243; _builder_version=&#8221;4.17.6&#8243; _module_preset=&#8221;default&#8221; global_colors_info=&#8221;{}&#8221;][et_pb_image src=&#8221;http:\/\/www.rigretas.fi\/wp-content\/uploads\/2022\/09\/015A5811.png&#8221; title_text=&#8221;015A5811&#8243; align=&#8221;right&#8221; _builder_version=&#8221;4.17.6&#8243; _module_preset=&#8221;default&#8221; global_colors_info=&#8221;{}&#8221;][\/et_pb_image][\/et_pb_column][et_pb_column type=&#8221;1_2&#8243; _builder_version=&#8221;4.17.6&#8243; _module_preset=&#8221;default&#8221; global_colors_info=&#8221;{}&#8221;][et_pb_text _builder_version=&#8221;4.17.6&#8243; _module_preset=&#8221;default&#8221; global_colors_info=&#8221;{}&#8221;]<\/p>\n<h4><b>Mari Hotti, kennel Dazzlingtails<\/b><\/h4>\n<p>[\/et_pb_text][et_pb_text _builder_version=&#8221;4.17.6&#8243; _module_preset=&#8221;default&#8221; hover_enabled=&#8221;0&#8243; global_colors_info=&#8221;{}&#8221; sticky_enabled=&#8221;0&#8243;]<\/p>\n<p>Marin kanssa tutustuimme taipumuskoeylituomarikurssilla vuonna 2021 ja kemiat kohtasi v\u00e4litt\u00f6m\u00e4sti. Mari astutti narttunsa Dazzlingtails Little Daddys Love and Joy &#8221;Lystin&#8221; uroksellamme Highlighters Expect A Miracle &#8221;Casperilla&#8221; ja t\u00e4st\u00e4 pentueesta meille muutti narttupentu Dazzlingtails Rollercoaster to Rigretas &#8221;Bella&#8221;.<\/p>\n<p>&gt;&gt; <a href=\"https:\/\/www.dazzlingtails.com\/\" target=\"_blank\" rel=\"noopener\">Kennel Dazzlingtails<\/a><\/p>\n<p>[\/et_pb_text][\/et_pb_column][\/et_pb_row][et_pb_row column_structure=&#8221;1_2,1_2&#8243; _builder_version=&#8221;4.17.6&#8243; _module_preset=&#8221;default&#8221; global_colors_info=&#8221;{}&#8221;][et_pb_column type=&#8221;1_2&#8243; _builder_version=&#8221;4.17.6&#8243; _module_preset=&#8221;default&#8221; global_colors_info=&#8221;{}&#8221;][et_pb_image src=&#8221;http:\/\/www.rigretas.fi\/wp-content\/uploads\/2022\/09\/242369377_10159846756099273_1818817531967620020_n.jpg&#8221; title_text=&#8221;242369377_10159846756099273_1818817531967620020_n&#8221; align=&#8221;right&#8221; _builder_version=&#8221;4.17.6&#8243; _module_preset=&#8221;default&#8221; global_colors_info=&#8221;{}&#8221;][\/et_pb_image][\/et_pb_column][et_pb_column type=&#8221;1_2&#8243; _builder_version=&#8221;4.17.6&#8243; _module_preset=&#8221;default&#8221; global_colors_info=&#8221;{}&#8221;][et_pb_text _builder_version=&#8221;4.17.6&#8243; _module_preset=&#8221;default&#8221; global_colors_info=&#8221;{}&#8221;]<\/p>\n<h4><strong>Erika Aaltonen, Derekaz Design<\/strong><\/h4>\n<p>[\/et_pb_text][et_pb_text _builder_version=&#8221;4.17.6&#8243; _module_preset=&#8221;default&#8221; global_colors_info=&#8221;{}&#8221;]<\/p>\n<p><span>Erika vastaa meid\u00e4n kuvamateriaalista, nettisivuista ja painotuotteista. Erikaan tutustuimme kun h\u00e4n l\u00f6ysi meid\u00e4t cockerikasvattajien joukosta ja otti yhteytt\u00e4. Ajatuksemme osuvat loistavasti yhteen monessa asiassa. Erikan ja Antin luokse muutti 2020 Rigreta&#8217;s Pretty Dark Design &#8221;Ruuti&#8221;. Sen j\u00e4lkeen yst\u00e4vyys ja yhdess\u00e4 on touhuaminen rikastuttanut arkeamme.<\/span><\/p>\n<p>&gt;&gt; <a href=\"https:\/\/design.derekaz.com\/\" target=\"_blank\" rel=\"noopener\">Derekaz Design<\/a><\/p>\n<p>[\/et_pb_text][\/et_pb_column][\/et_pb_row][\/et_pb_section][et_pb_section fb_built=&#8221;1&#8243; admin_label=&#8221;Footer&#8221; _builder_version=&#8221;4.16&#8243; background_size=&#8221;initial&#8221; background_repeat=&#8221;repeat-y&#8221; custom_padding=&#8221;0px|||||&#8221; saved_tabs=&#8221;all&#8221; locked=&#8221;off&#8221; global_colors_info=&#8221;{}&#8221;][et_pb_row column_structure=&#8221;1_4,1_4,1_4,1_4&#8243; use_custom_gutter=&#8221;on&#8221; gutter_width=&#8221;2&#8243; _builder_version=&#8221;4.16&#8243; border_width_top=&#8221;2px&#8221; global_colors_info=&#8221;{}&#8221;][et_pb_column type=&#8221;1_4&#8243; _builder_version=&#8221;4.16&#8243; custom_padding=&#8221;|||&#8221; global_colors_info=&#8221;{}&#8221; custom_padding__hover=&#8221;|||&#8221;][et_pb_text _builder_version=&#8221;4.17.6&#8243; text_font=&#8221;||||||||&#8221; text_font_size=&#8221;12px&#8221; text_line_height=&#8221;2em&#8221; link_font=&#8221;||||on||||&#8221; link_text_color=&#8221;#666666&#8243; header_font=&#8221;||||||||&#8221; header_text_align=&#8221;left&#8221; header_3_font=&#8221;|700||on|||||&#8221; header_3_font_size=&#8221;12px&#8221; header_3_letter_spacing=&#8221;5px&#8221; header_3_line_height=&#8221;1.8em&#8221; max_width_tablet=&#8221;70%&#8221; max_width_last_edited=&#8221;off|phone&#8221; header_3_font_size_tablet=&#8221;&#8221; header_3_font_size_phone=&#8221;&#8221; header_3_font_size_last_edited=&#8221;on|desktop&#8221; locked=&#8221;off&#8221; global_colors_info=&#8221;{}&#8221;]<\/p>\n<h2><span style=\"color: #006666;\">YHTEYSTIEDOT<\/span><\/h2>\n<p>Riikka Ahtila<br \/>\n<span>puh. 0505587389<\/span><br \/>\n<a href=\"mailto:rigretas@gmail.com\">rigretas@gmail.com<\/a><br \/>\nV\u00e4hikk\u00e4l\u00e4ntie 663, V\u00e4hikk\u00e4l\u00e4 (Janakkala)<br \/>\nY-tunnus:\u00a02927495-3[\/et_pb_text][\/et_pb_column][et_pb_column type=&#8221;1_4&#8243; _builder_version=&#8221;4.16&#8243; custom_padding=&#8221;|||&#8221; global_colors_info=&#8221;{}&#8221; custom_padding__hover=&#8221;|||&#8221;][\/et_pb_column][et_pb_column type=&#8221;1_4&#8243; _builder_version=&#8221;4.16&#8243; custom_padding=&#8221;|||&#8221; global_colors_info=&#8221;{}&#8221; custom_padding__hover=&#8221;|||&#8221;][et_pb_text _builder_version=&#8221;4.17.6&#8243; text_font=&#8221;||||||||&#8221; text_font_size=&#8221;12px&#8221; text_line_height=&#8221;2em&#8221; link_font=&#8221;||||on||||&#8221; link_text_color=&#8221;#666666&#8243; header_font=&#8221;||||||||&#8221; header_text_align=&#8221;left&#8221; header_2_font=&#8221;||||||||&#8221; header_3_font=&#8221;|700||on|||||&#8221; header_3_font_size=&#8221;12px&#8221; header_3_letter_spacing=&#8221;5px&#8221; header_3_line_height=&#8221;1.8em&#8221; max_width_tablet=&#8221;70%&#8221; max_width_last_edited=&#8221;off|phone&#8221; header_3_font_size_tablet=&#8221;&#8221; header_3_font_size_phone=&#8221;&#8221; header_3_font_size_last_edited=&#8221;on|desktop&#8221; locked=&#8221;off&#8221; global_colors_info=&#8221;{}&#8221;]<\/p>\n<h2><span style=\"color: #006666;\">SEURAA MEIT\u00c4<\/span><\/h2>\n<p>[\/et_pb_text][et_pb_social_media_follow _builder_version=&#8221;4.17.6&#8243; _module_preset=&#8221;default&#8221; global_colors_info=&#8221;{}&#8221;][et_pb_social_media_follow_network social_network=&#8221;facebook&#8221; url=&#8221;https:\/\/www.facebook.com\/rigretaskoirapalvelut&#8221; _builder_version=&#8221;4.17.6&#8243; _module_preset=&#8221;default&#8221; background_color=&#8221;#3b5998&#8243; global_colors_info=&#8221;{}&#8221; follow_button=&#8221;off&#8221; url_new_window=&#8221;on&#8221;]facebook[\/et_pb_social_media_follow_network][et_pb_social_media_follow_network social_network=&#8221;instagram&#8221; url=&#8221;https:\/\/www.instagram.com\/rigretas\/&#8221; _builder_version=&#8221;4.17.6&#8243; _module_preset=&#8221;default&#8221; background_color=&#8221;#ea2c59&#8243; global_colors_info=&#8221;{}&#8221; follow_button=&#8221;off&#8221; url_new_window=&#8221;on&#8221;]instagram[\/et_pb_social_media_follow_network][\/et_pb_social_media_follow][\/et_pb_column][et_pb_column type=&#8221;1_4&#8243; _builder_version=&#8221;4.16&#8243; custom_padding=&#8221;|||&#8221; global_colors_info=&#8221;{}&#8221; custom_padding__hover=&#8221;|||&#8221;][\/et_pb_column][\/et_pb_row][\/et_pb_section]<\/p>\n","protected":false},"excerpt":{"rendered":"<p>Yhteisty\u00f6ss\u00e4Ajattelemme, ett\u00e4 jokainen ihminen tarvitsee tukea, neuvoja sek\u00e4 ilojen ja surujen jakajaa jaksaakseen ja oppiakseen. Meill\u00e4 on ollut onni tutustua matkallamme useisiin hienoihin ihmisiin ja saada n\u00e4ist\u00e4 muutamia t\u00e4rkeit\u00e4 yhteisty\u00f6tahoja ja yst\u00e4vi\u00e4 osaksi el\u00e4m\u00e4\u00e4mme ja kasvatustoimintaamme.Satu Kamunen,\u00a0kennel Debbie&#8217;s Sadun kanssa tapasimme Spanielien MEJ\u00c4-mestaruuskokeessa 2012 ja paremmin tutustuimme MEJ\u00c4 SM 2013 Surkeella. Satu ja Miska olivat [&hellip;]<\/p>\n","protected":false},"author":1,"featured_media":0,"parent":0,"menu_order":0,"comment_status":"closed","ping_status":"closed","template":"","meta":{"_et_pb_use_builder":"on","_et_pb_old_content":"","_et_gb_content_width":"","footnotes":""},"class_list":["post-27","page","type-page","status-publish","hentry"],"_links":{"self":[{"href":"https:\/\/www.rigretas.fi\/index.php?rest_route=\/wp\/v2\/pages\/27","targetHints":{"allow":["GET"]}}],"collection":[{"href":"https:\/\/www.rigretas.fi\/index.php?rest_route=\/wp\/v2\/pages"}],"about":[{"href":"https:\/\/www.rigretas.fi\/index.php?rest_route=\/wp\/v2\/types\/page"}],"author":[{"embeddable":true,"href":"https:\/\/www.rigretas.fi\/index.php?rest_route=\/wp\/v2\/users\/1"}],"replies":[{"embeddable":true,"href":"https:\/\/www.rigretas.fi\/index.php?rest_route=%2Fwp%2Fv2%2Fcomments&post=27"}],"version-history":[{"count":7,"href":"https:\/\/www.rigretas.fi\/index.php?rest_route=\/wp\/v2\/pages\/27\/revisions"}],"predecessor-version":[{"id":412,"href":"https:\/\/www.rigretas.fi\/index.php?rest_route=\/wp\/v2\/pages\/27\/revisions\/412"}],"wp:attachment":[{"href":"https:\/\/www.rigretas.fi\/index.php?rest_route=%2Fwp%2Fv2%2Fmedia&parent=27"}],"curies":[{"name":"wp","href":"https:\/\/api.w.org\/{rel}","templated":true}]}}