{"id":17,"date":"2022-08-01T12:19:15","date_gmt":"2022-08-01T12:19:15","guid":{"rendered":"http:\/\/www.rigretas.fi\/?page_id=17"},"modified":"2023-07-04T17:43:43","modified_gmt":"2023-07-04T17:43:43","slug":"raakaruokinta","status":"publish","type":"page","link":"https:\/\/www.rigretas.fi\/?page_id=17","title":{"rendered":"Raakaruokinta"},"content":{"rendered":"<p>[et_pb_section fb_built=&#8221;1&#8243; admin_label=&#8221;Work&#8221; _builder_version=&#8221;4.17.6&#8243; background_color=&#8221;#FFFFFF&#8221; background_enable_image=&#8221;off&#8221; background_size=&#8221;initial&#8221; background_repeat=&#8221;repeat&#8221; min_height=&#8221;458.5px&#8221; custom_margin=&#8221;-52px|||||&#8221; custom_padding=&#8221;||0px|||&#8221; global_colors_info=&#8221;{}&#8221;][et_pb_row _builder_version=&#8221;4.17.6&#8243; _module_preset=&#8221;default&#8221; global_colors_info=&#8221;{}&#8221;][et_pb_column type=&#8221;4_4&#8243; _builder_version=&#8221;4.17.6&#8243; _module_preset=&#8221;default&#8221; global_colors_info=&#8221;{}&#8221;][et_pb_text _builder_version=&#8221;4.17.6&#8243; _module_preset=&#8221;default&#8221; global_colors_info=&#8221;{}&#8221;]<\/p>\n<h3>Raakaruokinta<\/h3>\n<p><strong>Olen koulutettu Raakaruokintaohjaaja\u00ae ja autan mielell\u00e4ni suunnittelemaan juuri sinun koirallesi sopivan ruokavalion.<\/strong> Ruokavaliossa voi olla raakaruoka p\u00e4\u00e4osassa tai esimerkiks\u00a7i 50\/50-suhteella, ota rohkeasti yhteytt\u00e4! Autan mielell\u00e4ni esimerkiksi kasvattajaa ideoimaan juuri h\u00e4nen pentueelleen sopivan ruokavalion ja laadin pentupakkaukseen mukaan kirjalliset ruokintaohjeet suunnitelman mukaisesti.<\/p>\n<div dir=\"auto\"><strong>Raakaruokintaohjaajanpalvelut\u00ae<\/strong><\/div>\n<div dir=\"auto\">Raakaruokinta sek\u00e4 50\/50-ruokinta<\/div>\n<div dir=\"auto\">Koirien ruokintasuunnitelma <span style=\"text-decoration: underline;\">149e \/ koira<\/span>, sis\u00e4lt\u00e4\u00e4 1 seurantakontaktin<\/div>\n<div dir=\"auto\">\n<p>Koirien ruokintasuunnitelmien p\u00e4ivitysten hinnat tapauskohtaisia.<\/p>\n<\/div>\n<p><strong><a href=\"http:\/\/www.rigretas.fi\/?page_id=29\">Tuotemyynti<\/a>-sivulla on listattuna kaikki tuotteet (my\u00f6s raakalihat), joita kauttani voi tilata.<\/strong><\/p>\n<p><a href=\"http:\/\/www.rigretas.fi\/wp-content\/uploads\/2022\/09\/Lx3X1fn.png\"><img loading=\"lazy\" decoding=\"async\" src=\"http:\/\/www.rigretas.fi\/wp-content\/uploads\/2022\/09\/Lx3X1fn-300x196.png\" width=\"300\" height=\"196\" alt=\"\" class=\"wp-image-330 alignnone size-medium\" style=\"display: block; margin-left: auto; margin-right: auto;\" srcset=\"https:\/\/www.rigretas.fi\/wp-content\/uploads\/2022\/09\/Lx3X1fn-300x196.png 300w, https:\/\/www.rigretas.fi\/wp-content\/uploads\/2022\/09\/Lx3X1fn.png 306w\" sizes=\"(max-width: 300px) 100vw, 300px\" \/><\/a><\/p>\n<p>[\/et_pb_text][et_pb_text _builder_version=&#8221;4.17.6&#8243; _module_preset=&#8221;default&#8221; custom_padding=&#8221;4px|||||&#8221; global_colors_info=&#8221;{}&#8221;]<\/p>\n<h3>Raakaruokinnasta<\/h3>\n<p>Kaikki cockerspanielimme ovat sy\u00f6neet ainoastaan raakaruokaa vuodesta 2010 alkaen. Raakaruokintaan meill\u00e4 siirryttiin ensin jo edesmenneen Wilman kanssa. Toiveena oli saada tukevahko ja ahne cockeritytt\u00f6 tuntemaan itsens\u00e4 kyll\u00e4iseksi ja t\u00e4t\u00e4 kautta p\u00e4\u00e4st\u00e4 eron jatkuvasta ruoanrosvousongelmasta, joka oli saavuttanut meill\u00e4 jo mahtavat mittasuhteet. T\u00e4m\u00e4n luulen olevan monelle cockeri-ihmiselle tuttua. Toisaalta ajatus ruokinnasta, jolla voisin vaikuttaa koko koiran hyvinvointiin kiinnosti kovasti.<\/p>\n<p>Wilman kanssa kaikki sujui hyvin, ahneus hieman hellitti ja ruokarosvouskin v\u00e4heni. Koira voi silminn\u00e4hden hyvin ja ennen \u201dkarvattoman\u201d neidin turkki kasvoi kohisten. Pienen harjoittelun j\u00e4lkeen l\u00f6ytyi oikea annoskokokin ja Wilman paino l\u00e4hti laskuun. Tahvon kohdalla siirtymist\u00e4 raakaruokaan vauhditti jatkuvat korvaongelmat. Raakaruokinnan aloittamisesta Tahvon korvat siistiytyv\u00e4t muutaman viikon aikana, eik\u00e4 mit\u00e4\u00e4n ongelmia sen j\u00e4lkeen en\u00e4\u00e4 ollut.<\/p>\n<p>Retu tuli taloon helmikuussa 2012. Etuk\u00e4teen olimme pohtineet miten pennun ruokinnan toteutamme ja p\u00e4\u00e4tyneet, ett\u00e4 ruokimme tulokkaan puoliksi kuivamuonalla ja puoliksi raakaruoalla. Retu vaan itse p\u00e4\u00e4tti asiat toisin. Ensimm\u00e4inen viikko meni suunnitelman mukaan ja sitten tuo cockeripoika yll\u00e4tti em\u00e4nn\u00e4n kantamalla suussaan kuivamuonan toiseen huoneeseen ja tulemalla pyyt\u00e4m\u00e4\u00e4n \u201dsit\u00e4 oikeaa ruokaa\u201d. Siin\u00e4 ei sitten muu auttanut kuin rohkeasti luottaa lukemaansa ja heivata kuivamuonas\u00e4kki ovesta ulos. Pennun kohdalla t\u00e4rke\u00e4\u00e4 on ruokinnan monipuolisuus ja D-vitamiinin saanti.<\/p>\n<p>Betty ja Siru ovatkin sitten p\u00e4\u00e4tyneet raakaruoalle heti 4 viikkoisena kasvattajansa luona. Olen onnellisessa asemassa, kun Satu kasvattajana tarttui toiveeseeni ruokinnasta ja toteutti sit\u00e4 yhteisen suunnitelman mukaan. Betty s\u00f6i raakaruokaa my\u00f6s l\u00e4pi kummankin pentueen kanto- ja imetysajan, hoiti 9 + 8 hienoa cockerin alkua ja oma maito riitti hienosti kaikille vauvoille.<\/p>\n<p>Raakaruokinta vaikuttaa helposti ty\u00f6l\u00e4\u00e4lt\u00e4, mutta tapoja sen toteuttamiseen on monia. Itse ostan lihat, sis\u00e4elimet ja lihaisat luut suoraan tilateurastamosta, kala ja kananmunat tavis kaupanhyllylt\u00e4. Tosin kaiken saisi valmiina siisteiss\u00e4 \u201dp\u00f6tk\u00f6iss\u00e4\u201d lemmikkiliikkeen pakkasesta, jos niin haluaa. Meill\u00e4 koirat sy\u00f6v\u00e4t laadukkaan lihan lis\u00e4n\u00e4 Effektri-\u00f6ljy\u00e4, pellavansiemenrouhetta ja merilev\u00e4\u00e4. Kaikki ruoka sy\u00f6tet\u00e4\u00e4n raakana eli itse valmistus on helppoa. Hieman suunnittelua vaatii \u201druokalista\u201d, sill\u00e4 raakaruokinnassa t\u00e4rke\u00e4\u00e4 on monipuolisuus, jota katsellaan muutaman viikon jaksoina. Samoin koirien kanssa matkustaminen tarvitsee hieman kekseli\u00e4isyytt\u00e4, mutta ei ole ylitsep\u00e4\u00e4sem\u00e4tt\u00f6m\u00e4n vaikeaa. Meill\u00e4 eniten p\u00e4\u00e4nvaivaa raakaruokinnasta aiheutuu koirien menness\u00e4 hoitoon, raa\u2019an ruoan antaminen koirille \u00e4ll\u00f6tt\u00e4\u00e4 joitakin ihmisi\u00e4. Hoitoon koirat menev\u00e4t aina valmiiden ruoka-annosten ja kirjallisten ohjeiden kanssa. Oman aikansa on tietysti vaatinut hoitajien perehdytt\u00e4minen raakaruokintaan eli jos ruoka loppuu, ei esim. kaurapuuroa vaan jauhelihaa ja kananmunia.<\/p>\n<p>Koirien raakaruokinta jakaa mielipiteit\u00e4 puolesta ja vastaan. Raakaruokinta koetaan vaikeaksi, pelottavaksi ja kalliiksi. Meill\u00e4 nelj\u00e4n cockerspanielin raakaruokkiminen ei tule kalliimmaksi kuin keskivertokuivamuonalla ruokkiminen. Ja toisaalta pelkk\u00e4\u00e4 s\u00e4\u00e4st\u00f6\u00e4 ovat el\u00e4inl\u00e4\u00e4k\u00e4rik\u00e4ynneist\u00e4 s\u00e4\u00e4styneet rahat. Kaikkien koiriemme kohdalla olemme olleet todella tyytyv\u00e4isi\u00e4 valintaamme; koirat voivat hyvin, el\u00e4inl\u00e4\u00e4k\u00e4rireissut ovat historiaa, karva kasvaa, hampaat ovat puhtaat ja sy\u00f6minen on koirille mielek\u00e4st\u00e4. Suosittelemme l\u00e4mpim\u00e4sti tutustumaan aiheeseen. Vastaan kysymyksiin mielell\u00e4ni ja autan asiassa alkuun, jos innostut raakaruokinnasta.<\/p>\n<p>[\/et_pb_text][et_pb_image src=&#8221;http:\/\/www.rigretas.fi\/wp-content\/uploads\/2022\/09\/h7aiyt2.jpg&#8221; title_text=&#8221;h7aiyt2&#8243; align=&#8221;center&#8221; _builder_version=&#8221;4.17.6&#8243; _module_preset=&#8221;default&#8221; global_colors_info=&#8221;{}&#8221;][\/et_pb_image][\/et_pb_column][\/et_pb_row][\/et_pb_section][et_pb_section fb_built=&#8221;1&#8243; admin_label=&#8221;Footer&#8221; _builder_version=&#8221;4.16&#8243; background_size=&#8221;initial&#8221; background_repeat=&#8221;repeat-y&#8221; custom_padding=&#8221;0px|||||&#8221; saved_tabs=&#8221;all&#8221; locked=&#8221;off&#8221; global_colors_info=&#8221;{}&#8221;][et_pb_row column_structure=&#8221;1_4,1_4,1_4,1_4&#8243; use_custom_gutter=&#8221;on&#8221; gutter_width=&#8221;2&#8243; _builder_version=&#8221;4.16&#8243; border_width_top=&#8221;2px&#8221; global_colors_info=&#8221;{}&#8221;][et_pb_column type=&#8221;1_4&#8243; _builder_version=&#8221;4.16&#8243; custom_padding=&#8221;|||&#8221; global_colors_info=&#8221;{}&#8221; custom_padding__hover=&#8221;|||&#8221;][et_pb_text _builder_version=&#8221;4.17.6&#8243; text_font=&#8221;||||||||&#8221; text_font_size=&#8221;12px&#8221; text_line_height=&#8221;2em&#8221; link_font=&#8221;||||on||||&#8221; link_text_color=&#8221;#666666&#8243; header_font=&#8221;||||||||&#8221; header_text_align=&#8221;left&#8221; header_3_font=&#8221;|700||on|||||&#8221; header_3_font_size=&#8221;12px&#8221; header_3_letter_spacing=&#8221;5px&#8221; header_3_line_height=&#8221;1.8em&#8221; max_width_tablet=&#8221;70%&#8221; max_width_last_edited=&#8221;off|phone&#8221; header_3_font_size_tablet=&#8221;&#8221; header_3_font_size_phone=&#8221;&#8221; header_3_font_size_last_edited=&#8221;on|desktop&#8221; locked=&#8221;off&#8221; global_colors_info=&#8221;{}&#8221;]<\/p>\n<h2><span style=\"color: #006666;\">YHTEYSTIEDOT<\/span><\/h2>\n<p>Riikka Ahtila<br \/>\n<span>puh. 0505587389<\/span><br \/>\n<a href=\"mailto:rigretas@gmail.com\">rigretas@gmail.com<\/a><br \/>\nV\u00e4hikk\u00e4l\u00e4ntie 663, V\u00e4hikk\u00e4l\u00e4 (Janakkala)<br \/>\nY-tunnus:\u00a02927495-3[\/et_pb_text][\/et_pb_column][et_pb_column type=&#8221;1_4&#8243; _builder_version=&#8221;4.16&#8243; custom_padding=&#8221;|||&#8221; global_colors_info=&#8221;{}&#8221; custom_padding__hover=&#8221;|||&#8221;][\/et_pb_column][et_pb_column type=&#8221;1_4&#8243; _builder_version=&#8221;4.16&#8243; custom_padding=&#8221;|||&#8221; global_colors_info=&#8221;{}&#8221; custom_padding__hover=&#8221;|||&#8221;][et_pb_text _builder_version=&#8221;4.17.6&#8243; text_font=&#8221;||||||||&#8221; text_font_size=&#8221;12px&#8221; text_line_height=&#8221;2em&#8221; link_font=&#8221;||||on||||&#8221; link_text_color=&#8221;#666666&#8243; header_font=&#8221;||||||||&#8221; header_text_align=&#8221;left&#8221; header_2_font=&#8221;||||||||&#8221; header_3_font=&#8221;|700||on|||||&#8221; header_3_font_size=&#8221;12px&#8221; header_3_letter_spacing=&#8221;5px&#8221; header_3_line_height=&#8221;1.8em&#8221; max_width_tablet=&#8221;70%&#8221; max_width_last_edited=&#8221;off|phone&#8221; header_3_font_size_tablet=&#8221;&#8221; header_3_font_size_phone=&#8221;&#8221; header_3_font_size_last_edited=&#8221;on|desktop&#8221; locked=&#8221;off&#8221; global_colors_info=&#8221;{}&#8221;]<\/p>\n<h2><span style=\"color: #006666;\">SEURAA MEIT\u00c4<\/span><\/h2>\n<p>[\/et_pb_text][et_pb_social_media_follow _builder_version=&#8221;4.17.6&#8243; _module_preset=&#8221;default&#8221; global_colors_info=&#8221;{}&#8221;][et_pb_social_media_follow_network social_network=&#8221;facebook&#8221; url=&#8221;https:\/\/www.facebook.com\/rigretaskoirapalvelut&#8221; _builder_version=&#8221;4.17.6&#8243; _module_preset=&#8221;default&#8221; background_color=&#8221;#3b5998&#8243; global_colors_info=&#8221;{}&#8221; follow_button=&#8221;off&#8221; url_new_window=&#8221;on&#8221;]facebook[\/et_pb_social_media_follow_network][et_pb_social_media_follow_network social_network=&#8221;instagram&#8221; url=&#8221;https:\/\/www.instagram.com\/rigretas\/&#8221; _builder_version=&#8221;4.17.6&#8243; _module_preset=&#8221;default&#8221; background_color=&#8221;#ea2c59&#8243; global_colors_info=&#8221;{}&#8221; follow_button=&#8221;off&#8221; url_new_window=&#8221;on&#8221;]instagram[\/et_pb_social_media_follow_network][\/et_pb_social_media_follow][\/et_pb_column][et_pb_column type=&#8221;1_4&#8243; _builder_version=&#8221;4.16&#8243; custom_padding=&#8221;|||&#8221; global_colors_info=&#8221;{}&#8221; custom_padding__hover=&#8221;|||&#8221;][\/et_pb_column][\/et_pb_row][\/et_pb_section]<\/p>\n","protected":false},"excerpt":{"rendered":"<p>Raakaruokinta Olen koulutettu Raakaruokintaohjaaja\u00ae ja autan mielell\u00e4ni suunnittelemaan juuri sinun koirallesi sopivan ruokavalion. Ruokavaliossa voi olla raakaruoka p\u00e4\u00e4osassa tai esimerkiks\u00a7i 50\/50-suhteella, ota rohkeasti yhteytt\u00e4! Autan mielell\u00e4ni esimerkiksi kasvattajaa ideoimaan juuri h\u00e4nen pentueelleen sopivan ruokavalion ja laadin pentupakkaukseen mukaan kirjalliset ruokintaohjeet suunnitelman mukaisesti. Raakaruokintaohjaajanpalvelut\u00ae Raakaruokinta sek\u00e4 50\/50-ruokinta Koirien ruokintasuunnitelma 149e \/ koira, sis\u00e4lt\u00e4\u00e4 1 seurantakontaktin Koirien [&hellip;]<\/p>\n","protected":false},"author":1,"featured_media":0,"parent":0,"menu_order":0,"comment_status":"closed","ping_status":"closed","template":"","meta":{"_et_pb_use_builder":"on","_et_pb_old_content":"","_et_gb_content_width":"","footnotes":""},"class_list":["post-17","page","type-page","status-publish","hentry"],"_links":{"self":[{"href":"https:\/\/www.rigretas.fi\/index.php?rest_route=\/wp\/v2\/pages\/17","targetHints":{"allow":["GET"]}}],"collection":[{"href":"https:\/\/www.rigretas.fi\/index.php?rest_route=\/wp\/v2\/pages"}],"about":[{"href":"https:\/\/www.rigretas.fi\/index.php?rest_route=\/wp\/v2\/types\/page"}],"author":[{"embeddable":true,"href":"https:\/\/www.rigretas.fi\/index.php?rest_route=\/wp\/v2\/users\/1"}],"replies":[{"embeddable":true,"href":"https:\/\/www.rigretas.fi\/index.php?rest_route=%2Fwp%2Fv2%2Fcomments&post=17"}],"version-history":[{"count":7,"href":"https:\/\/www.rigretas.fi\/index.php?rest_route=\/wp\/v2\/pages\/17\/revisions"}],"predecessor-version":[{"id":478,"href":"https:\/\/www.rigretas.fi\/index.php?rest_route=\/wp\/v2\/pages\/17\/revisions\/478"}],"wp:attachment":[{"href":"https:\/\/www.rigretas.fi\/index.php?rest_route=%2Fwp%2Fv2%2Fmedia&parent=17"}],"curies":[{"name":"wp","href":"https:\/\/api.w.org\/{rel}","templated":true}]}}