{"id":11,"date":"2022-08-01T12:18:12","date_gmt":"2022-08-01T12:18:12","guid":{"rendered":"http:\/\/www.rigretas.fi\/?page_id=11"},"modified":"2026-03-16T14:49:11","modified_gmt":"2026-03-16T14:49:11","slug":"kennel-rigretas","status":"publish","type":"page","link":"https:\/\/www.rigretas.fi\/?page_id=11","title":{"rendered":"Kennel Rigreta&#8217;s"},"content":{"rendered":"<p>[et_pb_section fb_built=&#8221;1&#8243; custom_padding_last_edited=&#8221;off|desktop&#8221; admin_label=&#8221;Header&#8221; _builder_version=&#8221;4.17.6&#8243; use_background_color_gradient=&#8221;on&#8221; background_color_gradient_direction=&#8221;90deg&#8221; background_color_gradient_stops=&#8221;#ffffff 50%|#e9e7e8 50%&#8221; background_color_gradient_start=&#8221;#ffffff&#8221; background_color_gradient_start_position=&#8221;50%&#8221; background_color_gradient_end=&#8221;#e9e7e8&#8243; background_color_gradient_end_position=&#8221;50%&#8221; background_image=&#8221;http:\/\/www.rigretas.fi\/wp-content\/uploads\/2022\/09\/rigretas_etusivu-1.jpg&#8221; width=&#8221;100%&#8221; max_width=&#8221;100%&#8221; max_width_tablet=&#8221;&#8221; max_width_phone=&#8221;&#8221; max_width_last_edited=&#8221;on|desktop&#8221; module_alignment=&#8221;center&#8221; min_height=&#8221;300.3px&#8221; custom_padding=&#8221;8vw||8vw|82px|true|&#8221; custom_padding_tablet=&#8221;5vw||5vw||true&#8221; background_last_edited=&#8221;on|phone&#8221; use_background_color_gradient_tablet=&#8221;on&#8221; use_background_color_gradient_phone=&#8221;on&#8221; background_color_gradient_stops_tablet=&#8221;#efefef 73%|#e9e7e8 73%&#8221; background_color_gradient_stops_phone=&#8221;#efefef 100%|#e9e7e8 100%&#8221; background_color_gradient_start_tablet=&#8221;#efefef&#8221; background_color_gradient_start_position_tablet=&#8221;73%&#8221; background_color_gradient_start_position_phone=&#8221;100%&#8221; background_position_tablet=&#8221;top_left&#8221; locked=&#8221;off&#8221; global_colors_info=&#8221;{}&#8221;][\/et_pb_section][et_pb_section fb_built=&#8221;1&#8243; admin_label=&#8221;Work&#8221; _builder_version=&#8221;4.17.6&#8243; background_color=&#8221;#FFFFFF&#8221; background_enable_image=&#8221;off&#8221; background_size=&#8221;initial&#8221; background_repeat=&#8221;repeat&#8221; min_height=&#8221;458.5px&#8221; custom_margin=&#8221;-52px|||||&#8221; custom_padding=&#8221;||0px|||&#8221; global_colors_info=&#8221;{}&#8221;][et_pb_row _builder_version=&#8221;4.17.6&#8243; _module_preset=&#8221;default&#8221; global_colors_info=&#8221;{}&#8221;][et_pb_column type=&#8221;4_4&#8243; _builder_version=&#8221;4.17.6&#8243; _module_preset=&#8221;default&#8221; global_colors_info=&#8221;{}&#8221;][et_pb_text _builder_version=&#8221;4.17.6&#8243; _module_preset=&#8221;default&#8221; text_font=&#8221;Amiri|||on|||||&#8221; text_text_color=&#8221;#006666&#8243; text_font_size=&#8221;43px&#8221; text_orientation=&#8221;center&#8221; global_colors_info=&#8221;{}&#8221;]<\/p>\n<h1><strong><span style=\"color: #006666;\">Tervetuloa tutustumaan meihin!<\/span><\/strong><\/h1>\n<p>[\/et_pb_text][\/et_pb_column][\/et_pb_row][et_pb_row _builder_version=&#8221;4.17.6&#8243; _module_preset=&#8221;default&#8221; global_colors_info=&#8221;{}&#8221;][et_pb_column type=&#8221;4_4&#8243; _builder_version=&#8221;4.17.6&#8243; _module_preset=&#8221;default&#8221; global_colors_info=&#8221;{}&#8221;][et_pb_text _builder_version=&#8221;4.17.6&#8243; _module_preset=&#8221;default&#8221; global_colors_info=&#8221;{}&#8221;]<\/p>\n<p style=\"text-align: justify;\">Olemme kaksi cockerspanieleihin hurahtanutta koiraharrastajaa, Riikka ja Pertti. Cockerspanielit ovat meille t\u00e4rke\u00e4 osa perhett\u00e4mme ja kotona asuukin nelj\u00e4 cockeria. Koiriemme kanssa harrastamme mej\u00e4\u00e4, n\u00e4yttelyit\u00e4 ja sohvaperunointia. Lis\u00e4ksi koiriamme k\u00e4ytet\u00e4\u00e4n haavakkojen etsimiseen kahden mets\u00e4stysseuran alueella.<\/p>\n<p style=\"text-align: justify;\">Toimimme aktiivisesti spanieliharrastusten piiriss\u00e4 ja Riikka on spanielien taipumuskokeen ylituomari sek\u00e4 spanielien taipumuskoe- ett\u00e4 MEJ\u00c4-koetoimitsija. Lis\u00e4ksi Riikka toimii puheenjohtajana vuonna 2015 perustetussa <a href=\"https:\/\/etelahameenspanielit.yhdistysavain.fi\/\">Etel\u00e4-H\u00e4meen Spanielit ry<\/a>:ss\u00e4.<\/p>\n<p style=\"text-align: justify;\">Olemme Cockerspanielit ry:n, Sukokan ja Suomen Kennelliiton j\u00e4seni\u00e4. T\u00e4m\u00e4n lis\u00e4ksi kuulumme useampaan paikalliseen spanieli- ja koirayhdistykseen.<\/p>\n<p style=\"text-align: justify;\">Kennelnimi on Riikalle my\u00f6nnetty vuonna 2014. Kennelin toiminta on pienimuotoista ja pentuja on harvakseltaan, joten kennel toimii erill\u00e4\u00e4n toiminimen toiminnasta.<\/p>\n<p><strong>Voit seurata meit\u00e4 my\u00f6s Facebookissa &#8211; <a href=\"https:\/\/www.facebook.com\/profile.php?id=100064106526359\">Rigreta&#8217;s cockerspanielit<\/a><\/strong><\/p>\n<p>[\/et_pb_text][\/et_pb_column][\/et_pb_row][et_pb_row _builder_version=&#8221;4.17.6&#8243; _module_preset=&#8221;default&#8221; global_colors_info=&#8221;{}&#8221;][et_pb_column type=&#8221;4_4&#8243; _builder_version=&#8221;4.17.6&#8243; _module_preset=&#8221;default&#8221; global_colors_info=&#8221;{}&#8221;][et_pb_image src=&#8221;http:\/\/www.rigretas.fi\/wp-content\/uploads\/2023\/02\/kennelsivulle.png&#8221; title_text=&#8221;kennelsivulle&#8221; align=&#8221;center&#8221; force_fullwidth=&#8221;on&#8221; _builder_version=&#8221;4.17.6&#8243; _module_preset=&#8221;default&#8221; custom_padding=&#8221;|1px|0px|||&#8221; global_colors_info=&#8221;{}&#8221;][\/et_pb_image][et_pb_text _builder_version=&#8221;4.17.6&#8243; _module_preset=&#8221;default&#8221; min_height=&#8221;43.8px&#8221; global_colors_info=&#8221;{}&#8221;]<\/p>\n<p style=\"text-align: center;\"><span>Vasemmalla Pertin syliss\u00e4 ruuhkaa | Keskell\u00e4 Riikka ja pikkupennut | Oikealla Betty ja osa Pretty-pennuista<\/span><\/p>\n<p>[\/et_pb_text][\/et_pb_column][\/et_pb_row][\/et_pb_section][et_pb_section fb_built=&#8221;1&#8243; admin_label=&#8221;Footer&#8221; _builder_version=&#8221;4.16&#8243; background_size=&#8221;initial&#8221; background_repeat=&#8221;repeat-y&#8221; custom_padding=&#8221;0px|||||&#8221; saved_tabs=&#8221;all&#8221; locked=&#8221;off&#8221; global_colors_info=&#8221;{}&#8221;][et_pb_row column_structure=&#8221;1_4,1_4,1_4,1_4&#8243; make_equal=&#8221;on&#8221; _builder_version=&#8221;4.27.4&#8243; _module_preset=&#8221;default&#8221; global_colors_info=&#8221;{}&#8221;][et_pb_column type=&#8221;1_4&#8243; _builder_version=&#8221;4.27.4&#8243; _module_preset=&#8221;default&#8221; global_colors_info=&#8221;{}&#8221;][et_pb_image src=&#8221;http:\/\/www.rigretas.fi\/wp-content\/uploads\/2025\/08\/kl.png&#8221; title_text=&#8221;kl&#8221; align=&#8221;center&#8221; _builder_version=&#8221;4.27.4&#8243; _module_preset=&#8221;default&#8221; width=&#8221;69%&#8221; custom_padding=&#8221;|62px||||&#8221; global_colors_info=&#8221;{}&#8221;][\/et_pb_image][\/et_pb_column][et_pb_column type=&#8221;1_4&#8243; _builder_version=&#8221;4.27.4&#8243; _module_preset=&#8221;default&#8221; global_colors_info=&#8221;{}&#8221;][et_pb_image src=&#8221;http:\/\/www.rigretas.fi\/wp-content\/uploads\/2022\/09\/4Z3eR9p-1.jpg&#8221; title_text=&#8221;4Z3eR9p&#8221; _builder_version=&#8221;4.27.4&#8243; _module_preset=&#8221;default&#8221; global_colors_info=&#8221;{}&#8221;][\/et_pb_image][\/et_pb_column][et_pb_column type=&#8221;1_4&#8243; _builder_version=&#8221;4.27.4&#8243; _module_preset=&#8221;default&#8221; global_colors_info=&#8221;{}&#8221;][et_pb_image src=&#8221;http:\/\/www.rigretas.fi\/wp-content\/uploads\/2025\/08\/cockeriry-1.png&#8221; title_text=&#8221;cockeriry&#8221; align=&#8221;center&#8221; _builder_version=&#8221;4.27.4&#8243; _module_preset=&#8221;default&#8221; global_colors_info=&#8221;{}&#8221;][\/et_pb_image][\/et_pb_column][et_pb_column type=&#8221;1_4&#8243; _builder_version=&#8221;4.27.4&#8243; _module_preset=&#8221;default&#8221; global_colors_info=&#8221;{}&#8221;][et_pb_image src=&#8221;http:\/\/www.rigretas.fi\/wp-content\/uploads\/2026\/03\/WhatsApp-Image-2026-03-03-at-19.55.37-e1773672523345.jpeg&#8221; _builder_version=&#8221;4.27.4&#8243; _module_preset=&#8221;default&#8221; title_text=&#8221;WhatsApp Image 2026-03-03 at 19.55.37&#8243; url=&#8221;http:\/\/noutajakauppa.fi\/&#8221; hover_enabled=&#8221;0&#8243; sticky_enabled=&#8221;0&#8243;][\/et_pb_image][\/et_pb_column][\/et_pb_row][et_pb_row column_structure=&#8221;1_4,1_4,1_4,1_4&#8243; use_custom_gutter=&#8221;on&#8221; gutter_width=&#8221;2&#8243; _builder_version=&#8221;4.16&#8243; border_width_top=&#8221;2px&#8221; global_colors_info=&#8221;{}&#8221;][et_pb_column type=&#8221;1_4&#8243; _builder_version=&#8221;4.16&#8243; custom_padding=&#8221;|||&#8221; global_colors_info=&#8221;{}&#8221; custom_padding__hover=&#8221;|||&#8221;][et_pb_text _builder_version=&#8221;4.17.6&#8243; text_font=&#8221;||||||||&#8221; text_font_size=&#8221;12px&#8221; text_line_height=&#8221;2em&#8221; link_font=&#8221;||||on||||&#8221; link_text_color=&#8221;#666666&#8243; header_font=&#8221;||||||||&#8221; header_text_align=&#8221;left&#8221; header_3_font=&#8221;|700||on|||||&#8221; header_3_font_size=&#8221;12px&#8221; header_3_letter_spacing=&#8221;5px&#8221; header_3_line_height=&#8221;1.8em&#8221; max_width_tablet=&#8221;70%&#8221; max_width_last_edited=&#8221;off|phone&#8221; header_3_font_size_tablet=&#8221;&#8221; header_3_font_size_phone=&#8221;&#8221; header_3_font_size_last_edited=&#8221;on|desktop&#8221; locked=&#8221;off&#8221; global_colors_info=&#8221;{}&#8221;]<\/p>\n<h2><span style=\"color: #006666;\">YHTEYSTIEDOT<\/span><\/h2>\n<p>Riikka Ahtila<br \/>\n<span>puh. 0505587389<\/span><br \/>\n<a href=\"mailto:rigretas@gmail.com\">rigretas@gmail.com<\/a><br \/>\nV\u00e4hikk\u00e4l\u00e4ntie 663, V\u00e4hikk\u00e4l\u00e4 (Janakkala)<br \/>\nY-tunnus:\u00a02927495-3[\/et_pb_text][\/et_pb_column][et_pb_column type=&#8221;1_4&#8243; _builder_version=&#8221;4.16&#8243; custom_padding=&#8221;|||&#8221; global_colors_info=&#8221;{}&#8221; custom_padding__hover=&#8221;|||&#8221;][\/et_pb_column][et_pb_column type=&#8221;1_4&#8243; _builder_version=&#8221;4.16&#8243; custom_padding=&#8221;|||&#8221; global_colors_info=&#8221;{}&#8221; custom_padding__hover=&#8221;|||&#8221;][et_pb_text _builder_version=&#8221;4.17.6&#8243; text_font=&#8221;||||||||&#8221; text_font_size=&#8221;12px&#8221; text_line_height=&#8221;2em&#8221; link_font=&#8221;||||on||||&#8221; link_text_color=&#8221;#666666&#8243; header_font=&#8221;||||||||&#8221; header_text_align=&#8221;left&#8221; header_2_font=&#8221;||||||||&#8221; header_3_font=&#8221;|700||on|||||&#8221; header_3_font_size=&#8221;12px&#8221; header_3_letter_spacing=&#8221;5px&#8221; header_3_line_height=&#8221;1.8em&#8221; max_width_tablet=&#8221;70%&#8221; max_width_last_edited=&#8221;off|phone&#8221; header_3_font_size_tablet=&#8221;&#8221; header_3_font_size_phone=&#8221;&#8221; header_3_font_size_last_edited=&#8221;on|desktop&#8221; locked=&#8221;off&#8221; global_colors_info=&#8221;{}&#8221;]<\/p>\n<h2><span style=\"color: #006666;\">SEURAA MEIT\u00c4<\/span><\/h2>\n<p>[\/et_pb_text][et_pb_social_media_follow _builder_version=&#8221;4.17.6&#8243; _module_preset=&#8221;default&#8221; global_colors_info=&#8221;{}&#8221;][et_pb_social_media_follow_network social_network=&#8221;facebook&#8221; url=&#8221;https:\/\/www.facebook.com\/rigretaskoirapalvelut&#8221; _builder_version=&#8221;4.17.6&#8243; _module_preset=&#8221;default&#8221; background_color=&#8221;#3b5998&#8243; global_colors_info=&#8221;{}&#8221; follow_button=&#8221;off&#8221; url_new_window=&#8221;on&#8221;]facebook[\/et_pb_social_media_follow_network][et_pb_social_media_follow_network social_network=&#8221;instagram&#8221; url=&#8221;https:\/\/www.instagram.com\/rigretas\/&#8221; _builder_version=&#8221;4.17.6&#8243; _module_preset=&#8221;default&#8221; background_color=&#8221;#ea2c59&#8243; global_colors_info=&#8221;{}&#8221; follow_button=&#8221;off&#8221; url_new_window=&#8221;on&#8221;]instagram[\/et_pb_social_media_follow_network][\/et_pb_social_media_follow][\/et_pb_column][et_pb_column type=&#8221;1_4&#8243; _builder_version=&#8221;4.16&#8243; custom_padding=&#8221;|||&#8221; global_colors_info=&#8221;{}&#8221; custom_padding__hover=&#8221;|||&#8221;][\/et_pb_column][\/et_pb_row][\/et_pb_section]<\/p>\n","protected":false},"excerpt":{"rendered":"<p>Tervetuloa tutustumaan meihin!Olemme kaksi cockerspanieleihin hurahtanutta koiraharrastajaa, Riikka ja Pertti. Cockerspanielit ovat meille t\u00e4rke\u00e4 osa perhett\u00e4mme ja kotona asuukin nelj\u00e4 cockeria. Koiriemme kanssa harrastamme mej\u00e4\u00e4, n\u00e4yttelyit\u00e4 ja sohvaperunointia. Lis\u00e4ksi koiriamme k\u00e4ytet\u00e4\u00e4n haavakkojen etsimiseen kahden mets\u00e4stysseuran alueella. Toimimme aktiivisesti spanieliharrastusten piiriss\u00e4 ja Riikka on spanielien taipumuskokeen ylituomari sek\u00e4 spanielien taipumuskoe- ett\u00e4 MEJ\u00c4-koetoimitsija. Lis\u00e4ksi Riikka toimii puheenjohtajana [&hellip;]<\/p>\n","protected":false},"author":1,"featured_media":0,"parent":0,"menu_order":0,"comment_status":"closed","ping_status":"closed","template":"","meta":{"_et_pb_use_builder":"on","_et_pb_old_content":"","_et_gb_content_width":"","footnotes":""},"class_list":["post-11","page","type-page","status-publish","hentry"],"_links":{"self":[{"href":"https:\/\/www.rigretas.fi\/index.php?rest_route=\/wp\/v2\/pages\/11","targetHints":{"allow":["GET"]}}],"collection":[{"href":"https:\/\/www.rigretas.fi\/index.php?rest_route=\/wp\/v2\/pages"}],"about":[{"href":"https:\/\/www.rigretas.fi\/index.php?rest_route=\/wp\/v2\/types\/page"}],"author":[{"embeddable":true,"href":"https:\/\/www.rigretas.fi\/index.php?rest_route=\/wp\/v2\/users\/1"}],"replies":[{"embeddable":true,"href":"https:\/\/www.rigretas.fi\/index.php?rest_route=%2Fwp%2Fv2%2Fcomments&post=11"}],"version-history":[{"count":15,"href":"https:\/\/www.rigretas.fi\/index.php?rest_route=\/wp\/v2\/pages\/11\/revisions"}],"predecessor-version":[{"id":741,"href":"https:\/\/www.rigretas.fi\/index.php?rest_route=\/wp\/v2\/pages\/11\/revisions\/741"}],"wp:attachment":[{"href":"https:\/\/www.rigretas.fi\/index.php?rest_route=%2Fwp%2Fv2%2Fmedia&parent=11"}],"curies":[{"name":"wp","href":"https:\/\/api.w.org\/{rel}","templated":true}]}}