{"id":684,"date":"2025-08-21T11:17:24","date_gmt":"2025-08-21T11:17:24","guid":{"rendered":"https:\/\/www.rigretas.fi\/?page_id=684"},"modified":"2025-08-21T11:50:03","modified_gmt":"2025-08-21T11:50:03","slug":"spa-ja-meja-koulutukset","status":"publish","type":"page","link":"http:\/\/www.rigretas.fi\/?page_id=684","title":{"rendered":"SPA- ja MEJ\u00c4-koulutukset"},"content":{"rendered":"<p>[et_pb_section fb_built=&#8221;1&#8243; admin_label=&#8221;Work&#8221; _builder_version=&#8221;4.17.6&#8243; background_color=&#8221;#FFFFFF&#8221; background_enable_image=&#8221;off&#8221; background_size=&#8221;initial&#8221; background_repeat=&#8221;repeat&#8221; min_height=&#8221;458.5px&#8221; custom_margin=&#8221;-52px|||||&#8221; custom_padding=&#8221;||0px|||&#8221; global_colors_info=&#8221;{}&#8221;][et_pb_row _builder_version=&#8221;4.27.4&#8243; _module_preset=&#8221;default&#8221; hover_enabled=&#8221;0&#8243; global_colors_info=&#8221;{}&#8221; sticky_enabled=&#8221;0&#8243;][et_pb_column type=&#8221;4_4&#8243; _builder_version=&#8221;4.17.6&#8243; _module_preset=&#8221;default&#8221; global_colors_info=&#8221;{}&#8221;][et_pb_text _builder_version=&#8221;4.27.4&#8243; _module_preset=&#8221;default&#8221; global_colors_info=&#8221;{}&#8221;]<\/p>\n<h2>SPA- JA MEJ\u00c4-KOULUTUKSET<\/h2>\n<p>[\/et_pb_text][et_pb_text _builder_version=&#8221;4.27.4&#8243; _module_preset=&#8221;default&#8221; hover_enabled=&#8221;0&#8243; global_colors_info=&#8221;{}&#8221; sticky_enabled=&#8221;0&#8243;]<\/p>\n<p><strong>Olemme pitk\u00e4nlinjan spanielien taipumuskokeen (SPA) ja mets\u00e4styskoirien j\u00e4ljest\u00e4miskokeen (MEJ\u00c4) osaajia ja harrastajia.\u00a0Pid\u00e4mme SPA- ja MEJ\u00c4-treenej\u00e4 tilauksesta joko omissa maastoissamme tai tilaajan maastoissa.<\/strong><\/p>\n<h4><span><br \/>Koulutushinnat<\/span><\/h4>\n<p><strong>Spanieleiden taipumuskoekoulutus<\/strong><\/p>\n<ul>\n<li><span>Meid\u00e4n maastoissamme Janakkalassa 60 \u20ac \/ koirakko<br \/><em>Sis\u00e4lt\u00e4\u00e4 ALV, koulutustarvikkeet, luentomateriaalin sek\u00e4 keittolounaan ja kahvit<\/em><\/span><\/li>\n<li><span>Tilaajan maastoissa j\u00e4rjestett\u00e4v\u00e4 koulutus, kysy tarjousta s\u00e4hk\u00f6postitse <a href=\"mailto:rigretas@gmail.com\">rigretas@gmail.com<\/a><\/span><\/li>\n<\/ul>\n<p><strong>Mets\u00e4styskoirien j\u00e4ljest\u00e4miskoulutus<\/strong><\/p>\n<ul>\n<li><span>Meid\u00e4n maastoissamme Janakkalassa 60 \u20ac \/ koirakko<br \/><em>Sis\u00e4lt\u00e4\u00e4 ALV, koulutustarvikkeet, luentomateriaalin sek\u00e4 keittolounaan ja kahvit<\/em><\/span><\/li>\n<li><span>Tilaajan maastoissa j\u00e4rjestett\u00e4v\u00e4 koulutus, kysy tarjousta s\u00e4hk\u00f6postitse <a href=\"mailto:rigretas@gmail.com\">rigretas@gmail.com<\/a><\/span><\/li>\n<\/ul>\n<p>&nbsp;<\/p>\n<h4>Spanielien taipumuskoe SPA<br \/><span><\/span><\/h4>\n<p><span>Riikka on spanielien taipumuskokeen ylituomari ja koetoimitsija sek\u00e4 mets\u00e4styskoirien j\u00e4ljest\u00e4miskokeen koetoimitsija. Pertti on spanielien taipumuskokeen koetoimitsija ja toiminut kokeissa ampujana jo vuodesta 2005 l\u00e4htien. J\u00e4rjest\u00e4mme aktiivisesti taipumuskokeita Etel\u00e4-H\u00e4meen Spanielit ry:n riveiss\u00e4.<\/span><span>\u00a0<\/span><\/p>\n<p><span>Yhdess\u00e4 olemme j\u00e4rjest\u00e4neet my\u00f6s useamman taipumuskoekoulutuksen. Koulutuksemme ovat aina pienryhm\u00e4koulutuksia, meid\u00e4n maastoissamme pidettyn\u00e4 max 6 koirakkoa\/koulutus. Tilaajan maastoissa j\u00e4rjestett\u00e4viss\u00e4 koulutuksissa tai ilman maasto-osuutta pidett\u00e4viss\u00e4 koulutuksissa osallistujam\u00e4\u00e4r\u00e4 on sovittavissa.<\/span><span>\u00a0<\/span><\/p>\n<p><span><strong>SPA-koulutuksemme<\/strong> sis\u00e4lt\u00e4v\u00e4t aina teoriaa kokeesta ja harjoittelusta, kokeen eri osa-alueiden l\u00e4pik\u00e4ymisen maastossa, jolloin jokaisen koulutukseen osallistuvan koirakon kanssa k\u00e4yd\u00e4\u00e4n l\u00e4pi kokeen jokainen osio: sosiaalinen k\u00e4yt\u00f6s, haku, j\u00e4ljestys ja vesity\u00f6. Maasto-osuuden aikana opastamme koirakkoa ja annamme lopuksi palautteen ja kotil\u00e4ksyt jokaiselle koirakolle.<\/span><\/p>\n<p>&gt;&gt; <a href=\"https:\/\/www.rigretas.fi\/?page_id=697\">Lue lis\u00e4\u00e4 taipumuskokeesta<\/a><\/p>\n<h4><span>Mets\u00e4styskoirien j\u00e4ljest\u00e4miskoe MEJ\u00c4<\/span><\/h4>\n<p><span>Pertti on harrastanut mets\u00e4styskoirien j\u00e4ljest\u00e4mist\u00e4 jo vuodesta 2005 l\u00e4htien ja Riikka vuodesta 2011. Meill\u00e4 on ollut useampi Etel\u00e4-H\u00e4meen kennelpiirin piirinmestari ja lajin Suomen mestaruuskokeeseen olemme osallistuneet kolme kertaa. Kahdesti olemme p\u00e4\u00e4sseet aina finaaliin asti ja sijoittuneet finaalissa sijoille 1. ja 5. T\u00e4m\u00e4n lis\u00e4ksi olemme saaneet osallistua spanielien MEJ\u00c4-mestaruuskokeeseen useamman koiran kanssa ja sijoittuneet kerran sijalle 1.<\/span><\/p>\n<p><span>Riikka on kouluttautunut MEJ\u00c4n vastaavaksi koetoimitsijaksi. Yhdess\u00e4 olemme j\u00e4rjest\u00e4neet useamman MEJ\u00c4-koulutuksen. Koulutuksemme ovat aina pienryhm\u00e4koulutuksia, meid\u00e4n maastoissamme pidettyn\u00e4 max 4 koirakkoa\/koulutus. Tilaajan maastoissa j\u00e4rjestett\u00e4viss\u00e4 koulutuksissa tai ilman maasto-osuutta pidett\u00e4viss\u00e4 koulutuksissa osallistujam\u00e4\u00e4r\u00e4 on sovittavissa.<\/span><\/p>\n<p><span><\/span><span><strong>MEJ\u00c4-koulutuksemme<\/strong> sis\u00e4lt\u00e4v\u00e4t aina teoriaa kokeesta ja harjoittelusta, kartan ja kompassin k\u00e4yt\u00f6n opastusta sek\u00e4 j\u00e4lkiosuuden maastossa, jolloin jokaiselle koulutukseen osallistuvalle koiralle tehd\u00e4\u00e4n lyhyt j\u00e4lki. J\u00e4ljen aikana opastamme ohjaajaa ja annamme lopuksi palautteen ja kotil\u00e4ksyt jokaiselle koirakolle.<\/span><span>\u00a0<\/span><\/p>\n<p>&gt;&gt; <a href=\"https:\/\/www.rigretas.fi\/?page_id=690\">Lue lis\u00e4\u00e4 MEJ\u00c4st\u00e4<\/a><\/p>\n<p><span>\u00a0<\/span><\/p>\n<p><span>\u00a0<\/span><\/p>\n<p>[\/et_pb_text][\/et_pb_column][\/et_pb_row][\/et_pb_section][et_pb_section fb_built=&#8221;1&#8243; admin_label=&#8221;Footer&#8221; _builder_version=&#8221;4.16&#8243; background_size=&#8221;initial&#8221; background_repeat=&#8221;repeat-y&#8221; custom_padding=&#8221;0px|||||&#8221; saved_tabs=&#8221;all&#8221; locked=&#8221;off&#8221; global_colors_info=&#8221;{}&#8221;][et_pb_row column_structure=&#8221;1_4,1_4,1_4,1_4&#8243; use_custom_gutter=&#8221;on&#8221; gutter_width=&#8221;2&#8243; _builder_version=&#8221;4.16&#8243; border_width_top=&#8221;2px&#8221; global_colors_info=&#8221;{}&#8221;][et_pb_column type=&#8221;1_4&#8243; _builder_version=&#8221;4.16&#8243; custom_padding=&#8221;|||&#8221; global_colors_info=&#8221;{}&#8221; custom_padding__hover=&#8221;|||&#8221;][et_pb_text _builder_version=&#8221;4.17.6&#8243; text_font=&#8221;||||||||&#8221; text_font_size=&#8221;12px&#8221; text_line_height=&#8221;2em&#8221; link_font=&#8221;||||on||||&#8221; link_text_color=&#8221;#666666&#8243; header_font=&#8221;||||||||&#8221; header_text_align=&#8221;left&#8221; header_3_font=&#8221;|700||on|||||&#8221; header_3_font_size=&#8221;12px&#8221; header_3_letter_spacing=&#8221;5px&#8221; header_3_line_height=&#8221;1.8em&#8221; max_width_tablet=&#8221;70%&#8221; max_width_last_edited=&#8221;off|phone&#8221; header_3_font_size_tablet=&#8221;&#8221; header_3_font_size_phone=&#8221;&#8221; header_3_font_size_last_edited=&#8221;on|desktop&#8221; locked=&#8221;off&#8221; global_colors_info=&#8221;{}&#8221;]<\/p>\n<h2><span style=\"color: #006666;\">YHTEYSTIEDOT<\/span><\/h2>\n<p>Riikka Ahtila<br \/>\n<span>puh. 0505587389<\/span><br \/>\n<a href=\"mailto:rigretas@gmail.com\">rigretas@gmail.com<\/a><br \/>\nV\u00e4hikk\u00e4l\u00e4ntie 663, V\u00e4hikk\u00e4l\u00e4 (Janakkala)<br \/>\nY-tunnus:\u00a02927495-3[\/et_pb_text][\/et_pb_column][et_pb_column type=&#8221;1_4&#8243; _builder_version=&#8221;4.16&#8243; custom_padding=&#8221;|||&#8221; global_colors_info=&#8221;{}&#8221; custom_padding__hover=&#8221;|||&#8221;][\/et_pb_column][et_pb_column type=&#8221;1_4&#8243; _builder_version=&#8221;4.16&#8243; custom_padding=&#8221;|||&#8221; global_colors_info=&#8221;{}&#8221; custom_padding__hover=&#8221;|||&#8221;][et_pb_text _builder_version=&#8221;4.17.6&#8243; text_font=&#8221;||||||||&#8221; text_font_size=&#8221;12px&#8221; text_line_height=&#8221;2em&#8221; link_font=&#8221;||||on||||&#8221; link_text_color=&#8221;#666666&#8243; header_font=&#8221;||||||||&#8221; header_text_align=&#8221;left&#8221; header_2_font=&#8221;||||||||&#8221; header_3_font=&#8221;|700||on|||||&#8221; header_3_font_size=&#8221;12px&#8221; header_3_letter_spacing=&#8221;5px&#8221; header_3_line_height=&#8221;1.8em&#8221; max_width_tablet=&#8221;70%&#8221; max_width_last_edited=&#8221;off|phone&#8221; header_3_font_size_tablet=&#8221;&#8221; header_3_font_size_phone=&#8221;&#8221; header_3_font_size_last_edited=&#8221;on|desktop&#8221; locked=&#8221;off&#8221; global_colors_info=&#8221;{}&#8221;]<\/p>\n<h2><span style=\"color: #006666;\">SEURAA MEIT\u00c4<\/span><\/h2>\n<p>[\/et_pb_text][et_pb_social_media_follow _builder_version=&#8221;4.17.6&#8243; _module_preset=&#8221;default&#8221; global_colors_info=&#8221;{}&#8221;][et_pb_social_media_follow_network social_network=&#8221;facebook&#8221; url=&#8221;https:\/\/www.facebook.com\/rigretaskoirapalvelut&#8221; _builder_version=&#8221;4.17.6&#8243; _module_preset=&#8221;default&#8221; background_color=&#8221;#3b5998&#8243; global_colors_info=&#8221;{}&#8221; follow_button=&#8221;off&#8221; url_new_window=&#8221;on&#8221;]facebook[\/et_pb_social_media_follow_network][et_pb_social_media_follow_network social_network=&#8221;instagram&#8221; url=&#8221;https:\/\/www.instagram.com\/rigretas\/&#8221; _builder_version=&#8221;4.17.6&#8243; _module_preset=&#8221;default&#8221; background_color=&#8221;#ea2c59&#8243; global_colors_info=&#8221;{}&#8221; follow_button=&#8221;off&#8221; url_new_window=&#8221;on&#8221;]instagram[\/et_pb_social_media_follow_network][\/et_pb_social_media_follow][\/et_pb_column][et_pb_column type=&#8221;1_4&#8243; _builder_version=&#8221;4.16&#8243; custom_padding=&#8221;|||&#8221; global_colors_info=&#8221;{}&#8221; custom_padding__hover=&#8221;|||&#8221;][\/et_pb_column][\/et_pb_row][\/et_pb_section]<\/p>\n","protected":false},"excerpt":{"rendered":"<p>SPA- JA MEJ\u00c4-KOULUTUKSETOlemme pitk\u00e4nlinjan spanielien taipumuskokeen (SPA) ja mets\u00e4styskoirien j\u00e4ljest\u00e4miskokeen (MEJ\u00c4) osaajia ja harrastajia.\u00a0Pid\u00e4mme SPA- ja MEJ\u00c4-treenej\u00e4 tilauksesta joko omissa maastoissamme tai tilaajan maastoissa. Koulutushinnat Spanieleiden taipumuskoekoulutus Meid\u00e4n maastoissamme Janakkalassa 60 \u20ac \/ koirakkoSis\u00e4lt\u00e4\u00e4 ALV, koulutustarvikkeet, luentomateriaalin sek\u00e4 keittolounaan ja kahvit Tilaajan maastoissa j\u00e4rjestett\u00e4v\u00e4 koulutus, kysy tarjousta s\u00e4hk\u00f6postitse rigretas@gmail.com Mets\u00e4styskoirien j\u00e4ljest\u00e4miskoulutus Meid\u00e4n maastoissamme Janakkalassa 60 [&hellip;]<\/p>\n","protected":false},"author":1,"featured_media":0,"parent":0,"menu_order":0,"comment_status":"closed","ping_status":"closed","template":"","meta":{"_et_pb_use_builder":"on","_et_pb_old_content":"","_et_gb_content_width":"","footnotes":""},"class_list":["post-684","page","type-page","status-publish","hentry"],"_links":{"self":[{"href":"http:\/\/www.rigretas.fi\/index.php?rest_route=\/wp\/v2\/pages\/684","targetHints":{"allow":["GET"]}}],"collection":[{"href":"http:\/\/www.rigretas.fi\/index.php?rest_route=\/wp\/v2\/pages"}],"about":[{"href":"http:\/\/www.rigretas.fi\/index.php?rest_route=\/wp\/v2\/types\/page"}],"author":[{"embeddable":true,"href":"http:\/\/www.rigretas.fi\/index.php?rest_route=\/wp\/v2\/users\/1"}],"replies":[{"embeddable":true,"href":"http:\/\/www.rigretas.fi\/index.php?rest_route=%2Fwp%2Fv2%2Fcomments&post=684"}],"version-history":[{"count":4,"href":"http:\/\/www.rigretas.fi\/index.php?rest_route=\/wp\/v2\/pages\/684\/revisions"}],"predecessor-version":[{"id":709,"href":"http:\/\/www.rigretas.fi\/index.php?rest_route=\/wp\/v2\/pages\/684\/revisions\/709"}],"wp:attachment":[{"href":"http:\/\/www.rigretas.fi\/index.php?rest_route=%2Fwp%2Fv2%2Fmedia&parent=684"}],"curies":[{"name":"wp","href":"https:\/\/api.w.org\/{rel}","templated":true}]}}