{"id":23,"date":"2022-08-01T12:20:07","date_gmt":"2022-08-01T12:20:07","guid":{"rendered":"http:\/\/www.rigretas.fi\/?page_id=23"},"modified":"2026-01-21T10:58:17","modified_gmt":"2026-01-21T10:58:17","slug":"pennut","status":"publish","type":"page","link":"http:\/\/www.rigretas.fi\/?page_id=23","title":{"rendered":"Pennut"},"content":{"rendered":"<p>[et_pb_section fb_built=&#8221;1&#8243; admin_label=&#8221;Work&#8221; _builder_version=&#8221;4.17.6&#8243; background_color=&#8221;#FFFFFF&#8221; background_enable_image=&#8221;off&#8221; background_size=&#8221;initial&#8221; background_repeat=&#8221;repeat&#8221; min_height=&#8221;458.5px&#8221; custom_margin=&#8221;-52px|||||&#8221; custom_padding=&#8221;||0px|||&#8221; global_colors_info=&#8221;{}&#8221;][et_pb_row column_structure=&#8221;1_2,1_2&#8243; _builder_version=&#8221;4.17.6&#8243; _module_preset=&#8221;default&#8221; hover_enabled=&#8221;0&#8243; global_colors_info=&#8221;{}&#8221; sticky_enabled=&#8221;0&#8243;][et_pb_column type=&#8221;1_2&#8243; _builder_version=&#8221;4.17.6&#8243; _module_preset=&#8221;default&#8221; global_colors_info=&#8221;{}&#8221;][et_pb_text _builder_version=&#8221;4.27.4&#8243; _module_preset=&#8221;default&#8221; hover_enabled=&#8221;0&#8243; global_colors_info=&#8221;{}&#8221; sticky_enabled=&#8221;0&#8243;]<\/p>\n<p><span style=\"font-size: 14px; text-align: justify;\"><strong>Ajankohtaista tammikuu 2026:<\/strong> Pentukyselyj\u00e4 tulee s\u00e4hk\u00f6postiin tasaiseen tahtiin joka viikko. Juuri nyt meill\u00e4 ei ole pentusuunnitelmia aktiivisena. Seuraavat suunnitelmat toivottavasti loppuvuodesta. Ilmoitamme t\u00e4\u00e4ll\u00e4 kun suunnitelmat selkeytyv\u00e4t ja asiat etenev\u00e4t. \ud83d\udc3e Juuri nyt emme siis ota varsinaiseen pentujonoon odottajia. Tulemme pit\u00e4m\u00e4\u00e4n syksyll\u00e4 teamsin v\u00e4lityksell\u00e4 Pentuinfo-illan meid\u00e4n pentusuunnitelmista kiinnostuneille. Palaamme t\u00e4h\u00e4n my\u00f6hemmin.\u2764\ufe0f Ihanaa kev\u00e4tt\u00e4, rakastakaa koirianne \u2764\ufe0f<\/span><\/p>\n<p>&#8212;&#8212;&#8212;&#8212;&#8212;-<\/p>\n<p>Pentueita on meill\u00e4 0-2 vuodessa, jos sek\u00e4 narttujen ett\u00e4 urosten jalostuskriteerit t\u00e4yttyv\u00e4t. Kasvatuksessa pid\u00e4n t\u00e4rke\u00e4n\u00e4 terveytt\u00e4, luonnetta ja k\u00e4ytt\u00f6ominaisuuksia sek\u00e4 jalostukseen k\u00e4ytett\u00e4v\u00e4n nartun \u00e4iti-ominaisuuksia. Spanielien taipumuskoe on itselleni l\u00e4hell\u00e4 syd\u00e4nt\u00e4ni ja toivonkin, ett\u00e4 suurin osa pennusta p\u00e4\u00e4sisi sit\u00e4 kokeilemaan. T\u00e4rkeint\u00e4 kuitenkin on, ett\u00e4 pennut l\u00f6yt\u00e4v\u00e4t rakastavat kodit.<\/p>\n<p style=\"text-align: justify;\">Jalostukseen k\u00e4ytett\u00e4vien koirien terveys tutkitaan rodun Pevisan vaatimusten mukaan; lonkat kuvataan, silm\u00e4t peilataan ja koirat testataan prcd-PRA ja FN osalta, jos eiv\u00e4t ole n\u00e4iden osalta terveist\u00e4 vanhemmista. N\u00e4iden lis\u00e4ksi omien koiriemme polvet tutkitaan sek\u00e4 kyyn\u00e4r\u00e4t ja sel\u00e4t kuvataan.<\/p>\n<p style=\"text-align: justify;\">Panostamme koiriemme kokonaisvaltaiseen hyvinvointiin; astutettavien narttujen ruokintaan k\u00e4ytet\u00e4\u00e4n laadukasta lihaa sek\u00e4 \u00f6ljylis\u00e4\u00e4, nartut hoidetaan el\u00e4inosteopaatilla ennen astutusta sek\u00e4 pentujen kotiutumisen j\u00e4lkeen.<\/p>\n<p style=\"text-align: justify;\">Pennut kasvavat normaalin perhearjen keskell\u00e4. Pentuja p\u00e4\u00e4see katsomaan niiden olless\u00e4 v\u00e4hint\u00e4\u00e4n 4 viikon ik\u00e4si\u00e4. N\u00e4in takaamme emolle ja pennuille stressitt\u00f6m\u00e4n alun sek\u00e4 v\u00e4ltymme tarttuvilta taudeilta.<\/p>\n<p style=\"text-align: justify;\">Pennut luovutetaan 8 viikkoisena, asiallisesti madotettuna, el\u00e4inl\u00e4\u00e4k\u00e4rin tarkastamana sek\u00e4 rekister\u00f6ityn\u00e4, ett\u00e4 sirutettuna.<\/p>\n<p style=\"text-align: justify;\">Pennun hintaan sis\u00e4ltyy pentupaketti, kasvattajan tuki koko koiran elini\u00e4n, spanielin taipumuskokeen osallistumismaksu SPA1-tuloksen suorittaneille koirakoille, pennun ensimm\u00e4isen vuoden trimmaukset sek\u00e4 ensimm\u00e4isen vuoden j\u00e4senyys rotuyhdistyksess\u00e4.<\/p>\n<p style=\"text-align: justify;\">Pentue ruokitaan kasvattajan luona 50\/50-ruokintamallilla eli puolet kuivanappulaa ja puolet lihaa. T\u00e4st\u00e4 on helppo pennun kotiutuessa jatkaa haluamallasi ruokinnalla. Pennun mukana saat kasvattajan k\u00e4ytt\u00e4m\u00e4\u00e4 kuivanappulaa ja lihaa. Halutessasi pentu voidaan ruokkia pelk\u00e4st\u00e4\u00e4n raakaruoalla. Raakaruokintaan saat neuvoja ja tukea kasvattajalta koko koiran elini\u00e4n ja raakaruokintasuunnitelma kasvateilleni on maksuton.<\/p>\n<p style=\"text-align: justify;\"><strong>Jos kiinnostut pennuistamme, ota yhteytt\u00e4 ensisijaisesti s\u00e4hk\u00f6postilla ja kerro millaiseen kotiin koira tulisi ja mink\u00e4laista pentua etsit.<\/strong> Lopulliset varaukset pennuista tehd\u00e4\u00e4n kun pennut ovat syntyneet ja olemme tavanneet v\u00e4hint\u00e4\u00e4n kerran ja molemmat osapuolet ovat tyytyv\u00e4si\u00e4 valintaan. T\u00e4ll\u00f6in tulee maksettavaksi my\u00f6s varausmaksu, joka hyvitet\u00e4\u00e4n pennun kokonaishinnassa.<\/p>\n<p>&nbsp;<\/p>\n<p>[\/et_pb_text][\/et_pb_column][et_pb_column type=&#8221;1_2&#8243; _builder_version=&#8221;4.17.6&#8243; _module_preset=&#8221;default&#8221; global_colors_info=&#8221;{}&#8221;][et_pb_image src=&#8221;http:\/\/www.rigretas.fi\/wp-content\/uploads\/2022\/09\/ZsUyHch-scaled-e1663779438516.jpg&#8221; title_text=&#8221;ZsUyHch&#8221; align=&#8221;center&#8221; _builder_version=&#8221;4.17.6&#8243; _module_preset=&#8221;default&#8221; global_colors_info=&#8221;{}&#8221;][\/et_pb_image][et_pb_image src=&#8221;http:\/\/www.rigretas.fi\/wp-content\/uploads\/2022\/09\/wWDjk9d.jpg&#8221; title_text=&#8221;wWDjk9d&#8221; _builder_version=&#8221;4.17.6&#8243; _module_preset=&#8221;default&#8221; global_colors_info=&#8221;{}&#8221;][\/et_pb_image][et_pb_image src=&#8221;http:\/\/www.rigretas.fi\/wp-content\/uploads\/2022\/09\/tO6YK79.jpg&#8221; title_text=&#8221;tO6YK79&#8243; _builder_version=&#8221;4.17.6&#8243; _module_preset=&#8221;default&#8221; global_colors_info=&#8221;{}&#8221;][\/et_pb_image][\/et_pb_column][\/et_pb_row][\/et_pb_section][et_pb_section fb_built=&#8221;1&#8243; admin_label=&#8221;Footer&#8221; _builder_version=&#8221;4.16&#8243; background_size=&#8221;initial&#8221; background_repeat=&#8221;repeat-y&#8221; custom_padding=&#8221;0px|||||&#8221; saved_tabs=&#8221;all&#8221; locked=&#8221;off&#8221; global_colors_info=&#8221;{}&#8221;][et_pb_row column_structure=&#8221;1_4,1_4,1_4,1_4&#8243; use_custom_gutter=&#8221;on&#8221; gutter_width=&#8221;2&#8243; _builder_version=&#8221;4.16&#8243; border_width_top=&#8221;2px&#8221; global_colors_info=&#8221;{}&#8221;][et_pb_column type=&#8221;1_4&#8243; _builder_version=&#8221;4.16&#8243; custom_padding=&#8221;|||&#8221; global_colors_info=&#8221;{}&#8221; custom_padding__hover=&#8221;|||&#8221;][et_pb_text _builder_version=&#8221;4.17.6&#8243; text_font=&#8221;||||||||&#8221; text_font_size=&#8221;12px&#8221; text_line_height=&#8221;2em&#8221; link_font=&#8221;||||on||||&#8221; link_text_color=&#8221;#666666&#8243; header_font=&#8221;||||||||&#8221; header_text_align=&#8221;left&#8221; header_3_font=&#8221;|700||on|||||&#8221; header_3_font_size=&#8221;12px&#8221; header_3_letter_spacing=&#8221;5px&#8221; header_3_line_height=&#8221;1.8em&#8221; max_width_tablet=&#8221;70%&#8221; max_width_last_edited=&#8221;off|phone&#8221; header_3_font_size_tablet=&#8221;&#8221; header_3_font_size_phone=&#8221;&#8221; header_3_font_size_last_edited=&#8221;on|desktop&#8221; locked=&#8221;off&#8221; global_colors_info=&#8221;{}&#8221;]<\/p>\n<h2><span style=\"color: #006666;\">YHTEYSTIEDOT<\/span><\/h2>\n<p>Riikka Ahtila<br \/>\n<span>puh. 0505587389<\/span><br \/>\n<a href=\"mailto:rigretas@gmail.com\">rigretas@gmail.com<\/a><br \/>\nV\u00e4hikk\u00e4l\u00e4ntie 663, V\u00e4hikk\u00e4l\u00e4 (Janakkala)<br \/>\nY-tunnus:\u00a02927495-3[\/et_pb_text][\/et_pb_column][et_pb_column type=&#8221;1_4&#8243; _builder_version=&#8221;4.16&#8243; custom_padding=&#8221;|||&#8221; global_colors_info=&#8221;{}&#8221; custom_padding__hover=&#8221;|||&#8221;][\/et_pb_column][et_pb_column type=&#8221;1_4&#8243; _builder_version=&#8221;4.16&#8243; custom_padding=&#8221;|||&#8221; global_colors_info=&#8221;{}&#8221; custom_padding__hover=&#8221;|||&#8221;][et_pb_text _builder_version=&#8221;4.17.6&#8243; text_font=&#8221;||||||||&#8221; text_font_size=&#8221;12px&#8221; text_line_height=&#8221;2em&#8221; link_font=&#8221;||||on||||&#8221; link_text_color=&#8221;#666666&#8243; header_font=&#8221;||||||||&#8221; header_text_align=&#8221;left&#8221; header_2_font=&#8221;||||||||&#8221; header_3_font=&#8221;|700||on|||||&#8221; header_3_font_size=&#8221;12px&#8221; header_3_letter_spacing=&#8221;5px&#8221; header_3_line_height=&#8221;1.8em&#8221; max_width_tablet=&#8221;70%&#8221; max_width_last_edited=&#8221;off|phone&#8221; header_3_font_size_tablet=&#8221;&#8221; header_3_font_size_phone=&#8221;&#8221; header_3_font_size_last_edited=&#8221;on|desktop&#8221; locked=&#8221;off&#8221; global_colors_info=&#8221;{}&#8221;]<\/p>\n<h2><span style=\"color: #006666;\">SEURAA MEIT\u00c4<\/span><\/h2>\n<p>[\/et_pb_text][et_pb_social_media_follow _builder_version=&#8221;4.17.6&#8243; _module_preset=&#8221;default&#8221; global_colors_info=&#8221;{}&#8221;][et_pb_social_media_follow_network social_network=&#8221;facebook&#8221; url=&#8221;https:\/\/www.facebook.com\/rigretaskoirapalvelut&#8221; _builder_version=&#8221;4.17.6&#8243; _module_preset=&#8221;default&#8221; background_color=&#8221;#3b5998&#8243; global_colors_info=&#8221;{}&#8221; follow_button=&#8221;off&#8221; url_new_window=&#8221;on&#8221;]facebook[\/et_pb_social_media_follow_network][et_pb_social_media_follow_network social_network=&#8221;instagram&#8221; url=&#8221;https:\/\/www.instagram.com\/rigretas\/&#8221; _builder_version=&#8221;4.17.6&#8243; _module_preset=&#8221;default&#8221; background_color=&#8221;#ea2c59&#8243; global_colors_info=&#8221;{}&#8221; follow_button=&#8221;off&#8221; url_new_window=&#8221;on&#8221;]instagram[\/et_pb_social_media_follow_network][\/et_pb_social_media_follow][\/et_pb_column][et_pb_column type=&#8221;1_4&#8243; _builder_version=&#8221;4.16&#8243; custom_padding=&#8221;|||&#8221; global_colors_info=&#8221;{}&#8221; custom_padding__hover=&#8221;|||&#8221;][\/et_pb_column][\/et_pb_row][\/et_pb_section]<\/p>\n","protected":false},"excerpt":{"rendered":"<p>Ajankohtaista tammikuu 2026: Pentukyselyj\u00e4 tulee s\u00e4hk\u00f6postiin tasaiseen tahtiin joka viikko. Juuri nyt meill\u00e4 ei ole pentusuunnitelmia aktiivisena. Seuraavat suunnitelmat toivottavasti loppuvuodesta. Ilmoitamme t\u00e4\u00e4ll\u00e4 kun suunnitelmat selkeytyv\u00e4t ja asiat etenev\u00e4t. \ud83d\udc3e Juuri nyt emme siis ota varsinaiseen pentujonoon odottajia. Tulemme pit\u00e4m\u00e4\u00e4n syksyll\u00e4 teamsin v\u00e4lityksell\u00e4 Pentuinfo-illan meid\u00e4n pentusuunnitelmista kiinnostuneille. Palaamme t\u00e4h\u00e4n my\u00f6hemmin.\u2764\ufe0f Ihanaa kev\u00e4tt\u00e4, rakastakaa koirianne \u2764\ufe0f [&hellip;]<\/p>\n","protected":false},"author":1,"featured_media":0,"parent":0,"menu_order":0,"comment_status":"closed","ping_status":"closed","template":"","meta":{"_et_pb_use_builder":"on","_et_pb_old_content":"","_et_gb_content_width":"","footnotes":""},"class_list":["post-23","page","type-page","status-publish","hentry"],"_links":{"self":[{"href":"http:\/\/www.rigretas.fi\/index.php?rest_route=\/wp\/v2\/pages\/23","targetHints":{"allow":["GET"]}}],"collection":[{"href":"http:\/\/www.rigretas.fi\/index.php?rest_route=\/wp\/v2\/pages"}],"about":[{"href":"http:\/\/www.rigretas.fi\/index.php?rest_route=\/wp\/v2\/types\/page"}],"author":[{"embeddable":true,"href":"http:\/\/www.rigretas.fi\/index.php?rest_route=\/wp\/v2\/users\/1"}],"replies":[{"embeddable":true,"href":"http:\/\/www.rigretas.fi\/index.php?rest_route=%2Fwp%2Fv2%2Fcomments&post=23"}],"version-history":[{"count":6,"href":"http:\/\/www.rigretas.fi\/index.php?rest_route=\/wp\/v2\/pages\/23\/revisions"}],"predecessor-version":[{"id":732,"href":"http:\/\/www.rigretas.fi\/index.php?rest_route=\/wp\/v2\/pages\/23\/revisions\/732"}],"wp:attachment":[{"href":"http:\/\/www.rigretas.fi\/index.php?rest_route=%2Fwp%2Fv2%2Fmedia&parent=23"}],"curies":[{"name":"wp","href":"https:\/\/api.w.org\/{rel}","templated":true}]}}